{"id":367,"date":"2017-01-27T14:51:50","date_gmt":"2017-01-27T12:51:50","guid":{"rendered":"https:\/\/thalassaluxuryvilla.com\/homepage\/"},"modified":"2022-10-03T12:47:01","modified_gmt":"2022-10-03T09:47:01","slug":"die-villa","status":"publish","type":"page","link":"https:\/\/thalassaluxuryvilla.com\/de\/","title":{"rendered":"Die Villa"},"content":{"rendered":"<div class=\"wpb-content-wrapper\">[vc_row fullwidth=&#8220;true&#8220; css=&#8220;.vc_custom_1485532497027{margin-top: -130px !important;}&#8220;][vc_column][mk_revslider id=&#8220;intro&#8220;][\/vc_column][\/vc_row][vc_row][vc_column][vc_empty_space height=&#8220;50&#8243;][vc_column_text]\n<h2 style=\"text-align: justify;\">Die Villa<\/h2>\n<p style=\"text-align: justify;\">Die <strong>Thalassa\u00a0Luxury Villa<\/strong> befindet sich in Ialysos, auf der wundersch\u00f6nen Insel Rhodos &#8211; Griechenland. Es ist ein 200 qm Luxus-Haus mit 4 Schlafzimmern, Wohnzimmer, K\u00fcchenbereich und einem sch\u00f6nen Garten mit Grill. Es bietet bequem Platz f\u00fcr bis zu 8 G\u00e4ste und das Beste f\u00fcr Ihren Urlaub in Griechenland.<\/p>\n<p style=\"text-align: justify;\">Es gibt nur eine Regel, genie\u00dfen Sie Ihren Aufenthalt!<\/p>\n<p style=\"text-align: justify;\">Thalassa Luxus-Villa ist ein 200 qm Haus mit 4 Schlafzimmern, (8 Personen), Wohnzimmer, K\u00fcchenbereich und einem sch\u00f6nen Garten mit Grill.<\/p>\n<p style=\"text-align: justify;\">Das Haus ist 300m vom Strand von Ixia, 7km vom Flughafen und 6km von Rhodos-Stadt entfernt.<\/p>\n<p style=\"text-align: justify;\">Es gibt nur eine Regel, genie\u00dfen Sie Ihren Aufenthalt!<\/p>\n<p style=\"text-align: justify;\">Urspr\u00fcnglich f\u00fcr den pers\u00f6nlichen Gebrauch gebaut, sind die verwendeten Materialien von ausgezeichneter Qualit\u00e4t. Fliesen, Badezimmerm\u00f6bel, Armaturen, K\u00fcchenschr\u00e4nke und Schlafzimmerschr\u00e4nke sind alle in Italien entworfen und hergestellt.<\/p>\n<p style=\"text-align: justify;\">Im ganzen Haus gibt es Familienerbst\u00fccke, Antiquit\u00e4ten und Kunstwerke von lokalen K\u00fcnstlern, die sich harmonisch mit dem modernen Stil des Hauses verbinden und eine sehr interessante, Mischung f\u00fcr diese komfortable Ferienanlage bieten.<\/p>\n<p style=\"text-align: justify;\">Die Villa ist voll klimatisiert (kalt oder warm) und bietet Wi-Fi Internet in allen Bereichen.<\/p>\n<p style=\"text-align: justify;\">Eine Solarheizung bietet Warmwasser rund um die Uhr.<\/p>\n[\/vc_column_text][\/vc_column][\/vc_row][vc_row][vc_column][mk_gallery images=&#8220;33,30,13,34,12&#8243; style=&#8220;style3&#8243; orderby=&#8220;post__in&#8220;][\/vc_column][\/vc_row][vc_row][vc_column][vc_column_text]\n<h2 style=\"text-align: left;\">Grundriss Erdgeschoss<\/h2>\n<p style=\"text-align: justify;\">Im Erdgeschoss befinden sich die K\u00fcche, das Esszimmer, eines der vier Badezimmer des Hauses und ein gro\u00dfes Wohnzimmer.<\/p>\n<p style=\"text-align: justify;\">Die K\u00fcche ist komplett ausgestattet mit einem eingebauten K\u00fchlschrank mit Gefrierfach, elektrischem Glaskeramik-Herd, Backofen, Mikrowelle, Geschirrsp\u00fcler, Kaffeemaschine, Toaster und einen kompletten Satz von Gl\u00e4sern, Geschirr und Kochutensilien, sowie kindersicheres Besteck und Geschirr.<\/p>\n<p style=\"text-align: justify;\">Der ma\u00dfgefertigte Esstisch aus Holz bietet ausreichend Platz f\u00fcr 10 Personen.<br \/>\nIm Wohnzimmer gibt es ein Sofa, Sessel und traditionelle Holzst\u00fchle und St\u00fchle. Au\u00dferdem gibt es einen Kamin, der in Kombination mit der dahinter erleuchteten Wand und den verschiedenen traditionellen Objekten und Teppichen den Ort wunderbar dekorieren. Es gibt auch einen 43-Zoll-Flachbild-TV mit Satellitenempfang.<\/p>\n[\/vc_column_text][mk_gallery images=&#8220;45,46,44,47,24&#8243; style=&#8220;style3&#8243; orderby=&#8220;post__in&#8220;][\/vc_column][\/vc_row][vc_row][vc_column][vc_column_text]\n<h2>\u00a0Gartenbereich<\/h2>\n<p style=\"text-align: justify;\">Der Garten ist mit Gras, Buganvilias, Jasmin und anderen lokalen Kr\u00e4utern bepflanzt. Ebenfalls gibt es einen Essbereich, sowie einen Grillplatz unter Schatten spendenden Markisen. Das gesamte Grundst\u00fcck ist mit einer hohen dekorativen Mauer eingez\u00e4unt und bietet absolute Privatsph\u00e4re.<\/p>\n[\/vc_column_text][mk_gallery images=&#8220;643,628,633,618,613,648,653,658,608&#8243; height=&#8220;300&#8243; orderby=&#8220;post__in&#8220;][\/vc_column][\/vc_row][vc_row][vc_column][vc_column_text]\n<h2>Erster Stock<\/h2>\n<p style=\"text-align: justify;\">Drei Schlafzimmer und zwei Badezimmer befinden sich im ersten Stock. Das Schlafzimmer ist mit einem Queen-Size-Bett, eingebautem Kleiderschrank und einem eigenen Badezimmer mit Duschkabine ausgestattet. Die anderen zwei Zimmer haben zwei Einzelbetten, die auf Wunsch bequem in Doppelbetten umgewandelt werden k\u00f6nnen. Sie haben beide ebenfalls gro\u00dfe Schr\u00e4nke. Beide Zimmer teilen sich das Hauptbadezimmer mit Badewanne und doppeltem Waschbecken. Die Waschmaschine und der L\u00fcftungsschrank befinden sich ebenfalls im Hauptbadezimmer.<br \/>\nAlle Zimmer haben einen eigenen gro\u00dfen Balkon.<\/p>\n[\/vc_column_text][mk_gallery images=&#8220;50,35,48,49,51,53,36,55,18,20,19,17&#8243; column=&#8220;4&#8243; height=&#8220;250&#8243; orderby=&#8220;post__in&#8220;][\/vc_column][\/vc_row][vc_row][vc_column][vc_column_text]\n<h2>Dachgeschoss<\/h2>\n<p style=\"text-align: justify;\">In der obersten Etage befindet sich das vierte Schlafzimmer mit Doppelschlafsofa. Auch hier gibt es ein Badezimmer mit Dusche, mit traditioneller Zementierung, typisch f\u00fcr die \u00e4g\u00e4ischen Inseln. Auf der obersten Etage gibt es eine gro\u00dfe Terrasse, die einen herrlichen Blick auf den Berg Filerimos bietet. Dort befindet sich ein ber\u00fchmtes Kloster vom souver\u00e4nen Orden aus der Besetzungszeit der Insel Rhodos.<\/p>\n<h2><\/h2>\n[\/vc_column_text][mk_gallery images=&#8220;54,38,37,22,21&#8243; style=&#8220;style3&#8243; orderby=&#8220;post__in&#8220;][\/vc_column][\/vc_row][vc_row][vc_column][vc_column_text]\n<h2>Allgemeine Information<\/h2>\n<p style=\"text-align: justify;\">Alle Bereiche des Hauses sind zug\u00e4nglich.<\/p>\n<p style=\"text-align: justify;\">Wir sind zu jeder Tages- oder Nachtzeit erreichbar. Was immer Sie ben\u00f6tigen, wir sind nur einen Anruf entfernt!<\/p>\n<p style=\"text-align: justify;\">Die Villa wird sauber und mit sauberer Bettw\u00e4sche und Handt\u00fccher \u00fcberreicht. Kostenloser Wechsel der Bettw\u00e4sche \/ Handt\u00fccher alle 4 Tage, sowie Reinigungsservice ebenfalls alle 7 Tage.<\/p>\n<p style=\"text-align: justify;\">Der G\u00e4rtner besucht die Villa einmal pro Woche.<\/p>\n[\/vc_column_text][\/vc_column][\/vc_row][vc_row][vc_column][vc_empty_space height=&#8220;50&#8243;][\/vc_column][\/vc_row]\n<\/div>","protected":false},"excerpt":{"rendered":"<p>[vc_row fullwidth=&#8220;true&#8220; css=&#8220;.vc_custom_1485532497027{margin-top: -130px !important;}&#8220;][vc_column][mk_revslider id=&#8220;intro&#8220;][\/vc_column][\/vc_row][vc_row][vc_column][vc_empty_space height=&#8220;50&#8243;][vc_column_text] Die Villa Die Thalassa\u00a0Luxury Villa befindet sich in Ialysos, auf der wundersch\u00f6nen Insel Rhodos &#8211; Griechenland. Es ist ein 200 qm Luxus-Haus mit 4 Schlafzimmern, Wohnzimmer, K\u00fcchenbereich und einem sch\u00f6nen Garten mit Grill. Es bietet bequem Platz f\u00fcr bis zu 8 G\u00e4ste und das Beste f\u00fcr Ihren Urlaub [&hellip;]<\/p>\n","protected":false},"author":1,"featured_media":0,"parent":0,"menu_order":0,"comment_status":"closed","ping_status":"closed","template":"","meta":{"footnotes":""},"class_list":["post-367","page","type-page","status-publish","hentry"],"acf":[],"yoast_head":"<!-- This site is optimized with the Yoast SEO plugin v27.2 - https:\/\/yoast.com\/product\/yoast-seo-wordpress\/ -->\n<title>Die Villa - Thalassa Luxury Villa<\/title>\n<meta name=\"robots\" content=\"index, follow, max-snippet:-1, max-image-preview:large, max-video-preview:-1\" \/>\n<link rel=\"canonical\" href=\"https:\/\/thalassaluxuryvilla.com\/de\/\" \/>\n<meta property=\"og:locale\" content=\"de_DE\" \/>\n<meta property=\"og:type\" content=\"article\" \/>\n<meta property=\"og:title\" content=\"Die Villa - Thalassa Luxury Villa\" \/>\n<meta property=\"og:description\" content=\"[vc_row fullwidth=&#8220;true&#8220; css=&#8220;.vc_custom_1485532497027{margin-top: -130px !important;}&#8220;][vc_column][mk_revslider id=&#8220;intro&#8220;][\/vc_column][\/vc_row][vc_row][vc_column][vc_empty_space height=&#8220;50&#8243;][vc_column_text] Die Villa Die Thalassa\u00a0Luxury Villa befindet sich in Ialysos, auf der wundersch\u00f6nen Insel Rhodos &#8211; Griechenland. Es ist ein 200 qm Luxus-Haus mit 4 Schlafzimmern, Wohnzimmer, K\u00fcchenbereich und einem sch\u00f6nen Garten mit Grill. Es bietet bequem Platz f\u00fcr bis zu 8 G\u00e4ste und das Beste f\u00fcr Ihren Urlaub [&hellip;]\" \/>\n<meta property=\"og:url\" content=\"https:\/\/thalassaluxuryvilla.com\/de\/\" \/>\n<meta property=\"og:site_name\" content=\"Thalassa Luxury Villa\" \/>\n<meta property=\"article:publisher\" content=\"https:\/\/www.facebook.com\/thalassaluxutyvilla\/\" \/>\n<meta property=\"article:modified_time\" content=\"2022-10-03T09:47:01+00:00\" \/>\n<meta name=\"twitter:card\" content=\"summary_large_image\" \/>\n<meta name=\"twitter:label1\" content=\"Gesch\u00e4tzte Lesezeit\" \/>\n\t<meta name=\"twitter:data1\" content=\"4\u00a0Minuten\" \/>\n<script type=\"application\/ld+json\" class=\"yoast-schema-graph\">{\"@context\":\"https:\/\/schema.org\",\"@graph\":[{\"@type\":\"WebPage\",\"@id\":\"https:\/\/thalassaluxuryvilla.com\/de\/\",\"url\":\"https:\/\/thalassaluxuryvilla.com\/de\/\",\"name\":\"Die Villa - Thalassa Luxury Villa\",\"isPartOf\":{\"@id\":\"https:\/\/thalassaluxuryvilla.com\/#website\"},\"datePublished\":\"2017-01-27T12:51:50+00:00\",\"dateModified\":\"2022-10-03T09:47:01+00:00\",\"breadcrumb\":{\"@id\":\"https:\/\/thalassaluxuryvilla.com\/de\/#breadcrumb\"},\"inLanguage\":\"de\",\"potentialAction\":[{\"@type\":\"ReadAction\",\"target\":[\"https:\/\/thalassaluxuryvilla.com\/de\/\"]}]},{\"@type\":\"BreadcrumbList\",\"@id\":\"https:\/\/thalassaluxuryvilla.com\/de\/#breadcrumb\",\"itemListElement\":[{\"@type\":\"ListItem\",\"position\":1,\"name\":\"Home\",\"item\":\"https:\/\/thalassaluxuryvilla.com\/de\/\"},{\"@type\":\"ListItem\",\"position\":2,\"name\":\"Die Villa\"}]},{\"@type\":\"WebSite\",\"@id\":\"https:\/\/thalassaluxuryvilla.com\/#website\",\"url\":\"https:\/\/thalassaluxuryvilla.com\/\",\"name\":\"Thalassa Luxury Villa\",\"description\":\"Ialysos, Rhodes\",\"publisher\":{\"@id\":\"https:\/\/thalassaluxuryvilla.com\/#organization\"},\"potentialAction\":[{\"@type\":\"SearchAction\",\"target\":{\"@type\":\"EntryPoint\",\"urlTemplate\":\"https:\/\/thalassaluxuryvilla.com\/?s={search_term_string}\"},\"query-input\":{\"@type\":\"PropertyValueSpecification\",\"valueRequired\":true,\"valueName\":\"search_term_string\"}}],\"inLanguage\":\"de\"},{\"@type\":\"Organization\",\"@id\":\"https:\/\/thalassaluxuryvilla.com\/#organization\",\"name\":\"Thalassa Luxury Villa\",\"url\":\"https:\/\/thalassaluxuryvilla.com\/\",\"logo\":{\"@type\":\"ImageObject\",\"inLanguage\":\"de\",\"@id\":\"https:\/\/thalassaluxuryvilla.com\/#\/schema\/logo\/image\/\",\"url\":\"https:\/\/thalassaluxuryvilla.com\/wp-content\/uploads\/2017\/01\/logo.png\",\"contentUrl\":\"https:\/\/thalassaluxuryvilla.com\/wp-content\/uploads\/2017\/01\/logo.png\",\"width\":467,\"height\":150,\"caption\":\"Thalassa Luxury Villa\"},\"image\":{\"@id\":\"https:\/\/thalassaluxuryvilla.com\/#\/schema\/logo\/image\/\"},\"sameAs\":[\"https:\/\/www.facebook.com\/thalassaluxutyvilla\/\"]}]}<\/script>\n<!-- \/ Yoast SEO plugin. -->","yoast_head_json":{"title":"Die Villa - Thalassa Luxury Villa","robots":{"index":"index","follow":"follow","max-snippet":"max-snippet:-1","max-image-preview":"max-image-preview:large","max-video-preview":"max-video-preview:-1"},"canonical":"https:\/\/thalassaluxuryvilla.com\/de\/","og_locale":"de_DE","og_type":"article","og_title":"Die Villa - Thalassa Luxury Villa","og_description":"[vc_row fullwidth=&#8220;true&#8220; css=&#8220;.vc_custom_1485532497027{margin-top: -130px !important;}&#8220;][vc_column][mk_revslider id=&#8220;intro&#8220;][\/vc_column][\/vc_row][vc_row][vc_column][vc_empty_space height=&#8220;50&#8243;][vc_column_text] Die Villa Die Thalassa\u00a0Luxury Villa befindet sich in Ialysos, auf der wundersch\u00f6nen Insel Rhodos &#8211; Griechenland. Es ist ein 200 qm Luxus-Haus mit 4 Schlafzimmern, Wohnzimmer, K\u00fcchenbereich und einem sch\u00f6nen Garten mit Grill. Es bietet bequem Platz f\u00fcr bis zu 8 G\u00e4ste und das Beste f\u00fcr Ihren Urlaub [&hellip;]","og_url":"https:\/\/thalassaluxuryvilla.com\/de\/","og_site_name":"Thalassa Luxury Villa","article_publisher":"https:\/\/www.facebook.com\/thalassaluxutyvilla\/","article_modified_time":"2022-10-03T09:47:01+00:00","twitter_card":"summary_large_image","twitter_misc":{"Gesch\u00e4tzte Lesezeit":"4\u00a0Minuten"},"schema":{"@context":"https:\/\/schema.org","@graph":[{"@type":"WebPage","@id":"https:\/\/thalassaluxuryvilla.com\/de\/","url":"https:\/\/thalassaluxuryvilla.com\/de\/","name":"Die Villa - Thalassa Luxury Villa","isPartOf":{"@id":"https:\/\/thalassaluxuryvilla.com\/#website"},"datePublished":"2017-01-27T12:51:50+00:00","dateModified":"2022-10-03T09:47:01+00:00","breadcrumb":{"@id":"https:\/\/thalassaluxuryvilla.com\/de\/#breadcrumb"},"inLanguage":"de","potentialAction":[{"@type":"ReadAction","target":["https:\/\/thalassaluxuryvilla.com\/de\/"]}]},{"@type":"BreadcrumbList","@id":"https:\/\/thalassaluxuryvilla.com\/de\/#breadcrumb","itemListElement":[{"@type":"ListItem","position":1,"name":"Home","item":"https:\/\/thalassaluxuryvilla.com\/de\/"},{"@type":"ListItem","position":2,"name":"Die Villa"}]},{"@type":"WebSite","@id":"https:\/\/thalassaluxuryvilla.com\/#website","url":"https:\/\/thalassaluxuryvilla.com\/","name":"Thalassa Luxury Villa","description":"Ialysos, Rhodes","publisher":{"@id":"https:\/\/thalassaluxuryvilla.com\/#organization"},"potentialAction":[{"@type":"SearchAction","target":{"@type":"EntryPoint","urlTemplate":"https:\/\/thalassaluxuryvilla.com\/?s={search_term_string}"},"query-input":{"@type":"PropertyValueSpecification","valueRequired":true,"valueName":"search_term_string"}}],"inLanguage":"de"},{"@type":"Organization","@id":"https:\/\/thalassaluxuryvilla.com\/#organization","name":"Thalassa Luxury Villa","url":"https:\/\/thalassaluxuryvilla.com\/","logo":{"@type":"ImageObject","inLanguage":"de","@id":"https:\/\/thalassaluxuryvilla.com\/#\/schema\/logo\/image\/","url":"https:\/\/thalassaluxuryvilla.com\/wp-content\/uploads\/2017\/01\/logo.png","contentUrl":"https:\/\/thalassaluxuryvilla.com\/wp-content\/uploads\/2017\/01\/logo.png","width":467,"height":150,"caption":"Thalassa Luxury Villa"},"image":{"@id":"https:\/\/thalassaluxuryvilla.com\/#\/schema\/logo\/image\/"},"sameAs":["https:\/\/www.facebook.com\/thalassaluxutyvilla\/"]}]}},"_links":{"self":[{"href":"https:\/\/thalassaluxuryvilla.com\/de\/wp-json\/wp\/v2\/pages\/367","targetHints":{"allow":["GET"]}}],"collection":[{"href":"https:\/\/thalassaluxuryvilla.com\/de\/wp-json\/wp\/v2\/pages"}],"about":[{"href":"https:\/\/thalassaluxuryvilla.com\/de\/wp-json\/wp\/v2\/types\/page"}],"author":[{"embeddable":true,"href":"https:\/\/thalassaluxuryvilla.com\/de\/wp-json\/wp\/v2\/users\/1"}],"replies":[{"embeddable":true,"href":"https:\/\/thalassaluxuryvilla.com\/de\/wp-json\/wp\/v2\/comments?post=367"}],"version-history":[{"count":10,"href":"https:\/\/thalassaluxuryvilla.com\/de\/wp-json\/wp\/v2\/pages\/367\/revisions"}],"predecessor-version":[{"id":686,"href":"https:\/\/thalassaluxuryvilla.com\/de\/wp-json\/wp\/v2\/pages\/367\/revisions\/686"}],"wp:attachment":[{"href":"https:\/\/thalassaluxuryvilla.com\/de\/wp-json\/wp\/v2\/media?parent=367"}],"curies":[{"name":"wp","href":"https:\/\/api.w.org\/{rel}","templated":true}]}}