{"id":380,"date":"2017-01-27T17:19:45","date_gmt":"2017-01-27T15:19:45","guid":{"rendered":"https:\/\/thalassaluxuryvilla.com\/availability-booking-inquiry\/"},"modified":"2022-10-03T12:35:50","modified_gmt":"2022-10-03T09:35:50","slug":"verfuegbarkeit-buchungsanfrage","status":"publish","type":"page","link":"https:\/\/thalassaluxuryvilla.com\/de\/verfuegbarkeit-buchungsanfrage\/","title":{"rendered":"Buchungsanfrage"},"content":{"rendered":"<div class=\"wpb-content-wrapper\">[vc_row fullwidth=&#8220;true&#8220; parallax=&#8220;content-moving&#8220; parallax_image=&#8220;128&#8243; css=&#8220;.vc_custom_1486388532231{margin-top: -100px !important;padding-top: 200px !important;padding-bottom: 200px !important;}&#8220;][vc_column][\/vc_column][\/vc_row][vc_row][vc_column][vc_empty_space height=&#8220;50&#8243;][\/vc_column][\/vc_row][vc_row][vc_column width=&#8220;1\/4&#8243;][vc_single_image image=&#8220;123&#8243; img_size=&#8220;full&#8220;][\/vc_column][vc_column width=&#8220;3\/4&#8243;][vc_column_text]Mein Name ist Kostas Savvaides, Inhaber der Thalassa-Luxus Villa.<\/p>\n<p>Ich bin Bauingenieur und lebe mit meiner Frau und meiner Tochter auf der wundersch\u00f6nen Insel Rhodos.<\/p>\n<p>Thalassa Luxus-Villa wurde urspr\u00fcnglich f\u00fcr den pers\u00f6nlichen Gebrauch entworfen und gebaut, so dass besondere Sorgfalt auf alle Details gelegt wurde!<\/p>\n<p>Sie erreichen mich telefonisch unter +30 694 4534577 oder f\u00fcllen Sie einfach das untenstehende Formular aus.[\/vc_column_text][\/vc_column][\/vc_row][vc_row][vc_column][vc_empty_space height=&#8220;50&#8243;][\/vc_column][\/vc_row][vc_row][vc_column][vc_column_text]\n<h2>Anfrageformular<\/h2>\n[\/vc_column_text]\n<div class=\"wpcf7 no-js\" id=\"wpcf7-f668-o1\" lang=\"en-US\" dir=\"ltr\" data-wpcf7-id=\"668\">\n<div class=\"screen-reader-response\"><p role=\"status\" aria-live=\"polite\" aria-atomic=\"true\"><\/p> <ul><\/ul><\/div>\n<form action=\"\/de\/wp-json\/wp\/v2\/pages\/380#wpcf7-f668-o1\" method=\"post\" class=\"wpcf7-form init\" aria-label=\"Contact form\" novalidate=\"novalidate\" data-status=\"init\">\n<div style=\"display: none;\">\n<input type=\"hidden\" name=\"_wpcf7\" value=\"668\" \/>\n<input type=\"hidden\" name=\"_wpcf7_version\" value=\"6.0.6\" \/>\n<input type=\"hidden\" name=\"_wpcf7_locale\" value=\"en_US\" \/>\n<input type=\"hidden\" name=\"_wpcf7_unit_tag\" value=\"wpcf7-f668-o1\" \/>\n<input type=\"hidden\" name=\"_wpcf7_container_post\" value=\"0\" \/>\n<input type=\"hidden\" name=\"_wpcf7_posted_data_hash\" value=\"\" \/>\n<\/div>\n<p><label> First name<br \/>\n<span class=\"wpcf7-form-control-wrap\" data-name=\"first-name\"><input size=\"40\" maxlength=\"400\" class=\"wpcf7-form-control wpcf7-text wpcf7-validates-as-required\" aria-required=\"true\" aria-invalid=\"false\" value=\"\" type=\"text\" name=\"first-name\" \/><\/span> <\/label>\n<\/p>\n<p><label> Last name<br \/>\n<span class=\"wpcf7-form-control-wrap\" data-name=\"last-name\"><input size=\"40\" maxlength=\"400\" class=\"wpcf7-form-control wpcf7-text wpcf7-validates-as-required\" aria-required=\"true\" aria-invalid=\"false\" value=\"\" type=\"text\" name=\"last-name\" \/><\/span> <\/label>\n<\/p>\n<p><label> Telephone<br \/>\n<span class=\"wpcf7-form-control-wrap\" data-name=\"telephone\"><input size=\"40\" maxlength=\"400\" class=\"wpcf7-form-control wpcf7-text wpcf7-validates-as-required\" aria-required=\"true\" aria-invalid=\"false\" value=\"\" type=\"text\" name=\"telephone\" \/><\/span> <\/label>\n<\/p>\n<p><label> Your email<br \/>\n<span class=\"wpcf7-form-control-wrap\" data-name=\"your-email\"><input size=\"40\" maxlength=\"400\" class=\"wpcf7-form-control wpcf7-email wpcf7-validates-as-required wpcf7-text wpcf7-validates-as-email\" aria-required=\"true\" aria-invalid=\"false\" value=\"\" type=\"email\" name=\"your-email\" \/><\/span> <\/label>\n<\/p>\n<p><label> Check in date<br \/>\n<span class=\"wpcf7-form-control-wrap\" data-name=\"date-834\"><input class=\"wpcf7-form-control wpcf7-date wpcf7-validates-as-required wpcf7-validates-as-date\" aria-required=\"true\" aria-invalid=\"false\" value=\"\" type=\"date\" name=\"date-834\" \/><\/span><\/label>\n<\/p>\n<p><label> Check out date<br \/>\n<span class=\"wpcf7-form-control-wrap\" data-name=\"date-835\"><input class=\"wpcf7-form-control wpcf7-date wpcf7-validates-as-required wpcf7-validates-as-date\" aria-required=\"true\" aria-invalid=\"false\" value=\"\" type=\"date\" name=\"date-835\" \/><\/span><\/label>\n<\/p>\n<p><label> Persons<br \/>\n<span class=\"wpcf7-form-control-wrap\" data-name=\"menu-872\"><select class=\"wpcf7-form-control wpcf7-select wpcf7-validates-as-required\" aria-required=\"true\" aria-invalid=\"false\" name=\"menu-872\"><option value=\"1 person\">1 person<\/option><option value=\"2 persons\">2 persons<\/option><option value=\"3 persons\">3 persons<\/option><option value=\"4 persons\">4 persons<\/option><option value=\"5 persons\">5 persons<\/option><option value=\"6 persons\">6 persons<\/option><option value=\"7 persons\">7 persons<\/option><option value=\"8 persons\">8 persons<\/option><\/select><\/span><\/label>\n<\/p>\n<p><label> Special notes (optional)<br \/>\n<span class=\"wpcf7-form-control-wrap\" data-name=\"your-message\"><textarea cols=\"40\" rows=\"10\" maxlength=\"2000\" class=\"wpcf7-form-control wpcf7-textarea\" aria-invalid=\"false\" name=\"your-message\"><\/textarea><\/span> <\/label>\n<\/p>\n<p><input class=\"wpcf7-form-control wpcf7-submit has-spinner\" type=\"submit\" value=\"Submit\" \/>\n<\/p><div class=\"wpcf7-response-output\" aria-hidden=\"true\"><\/div>\n<\/form>\n<\/div>\n[\/vc_column][\/vc_row][vc_row][vc_column][vc_empty_space height=&#8220;50&#8243;][\/vc_column][\/vc_row][vc_row][vc_column][vc_column_text]\n<h2>Bedingungen und sonstige Hinweise<\/h2>\n<p style=\"text-align: justify;\">Bitte geben Sie bei Buchungsanfrage die Anzahl der G\u00e4ste an.<\/p>\n<p style=\"text-align: justify;\">Um Ihre Buchung zu best\u00e4tigen, ist eine Anzahlung von 25% per Bank\u00fcberweisung erforderlich. Der Restbetrag ist bei Ankunft f\u00e4llig.<\/p>\n<p style=\"text-align: justify;\">Bitte beachten Sie, dass die Anzahlung nicht r\u00fcckerstattet wird, es ist empfehlenswert, zuerst Flugverbindungen zu buchen und dann erst die \u00dcberweisung der Anzahlung vorzunehmen.<\/p>\n<p style=\"text-align: justify;\">Eine Kaution von \u20ac 400,00 ist ebenfalls erforderlich, zahlbar bei Ankunft, die Ihnen in bar bei der Abreise zur\u00fcckerstattet wird, sofern keine Sch\u00e4den vorliegen.<\/p>\n<p style=\"text-align: justify;\">Wir m\u00f6chten Sie daran erinnern, dass das Haus mit Gegenst\u00e4nden von gro\u00dfem sentimentalem Wert dekoriert wurde, die Ihre Sorgf\u00e4ltigkeit und Aufmerksamkeit erfordern. Im Allgemeinen m\u00f6chten wir, dass Sie das Haus in dem Zustand zur\u00fcckgeben, in dem es geliefert wurde.<\/p>\n<p style=\"text-align: justify;\">Wir haben nichts gegen Haustiere, aber Haustiere sind nicht erlaubt.<br \/>\nRauchen ist in allen Bereichen des Hauses streng verboten<\/p>\n<p>Check-In: 14:00 Uhr<br \/>\nAuschecken: 11:00 Uhr[\/vc_column_text][\/vc_column][\/vc_row][vc_row][vc_column][vc_empty_space height=&#8220;50&#8243;][\/vc_column][\/vc_row]\n<\/div>","protected":false},"excerpt":{"rendered":"<p>[vc_row fullwidth=&#8220;true&#8220; parallax=&#8220;content-moving&#8220; parallax_image=&#8220;128&#8243; css=&#8220;.vc_custom_1486388532231{margin-top: -100px !important;padding-top: 200px !important;padding-bottom: 200px !important;}&#8220;][vc_column][\/vc_column][\/vc_row][vc_row][vc_column][vc_empty_space height=&#8220;50&#8243;][\/vc_column][\/vc_row][vc_row][vc_column width=&#8220;1\/4&#8243;][vc_single_image image=&#8220;123&#8243; img_size=&#8220;full&#8220;][\/vc_column][vc_column width=&#8220;3\/4&#8243;][vc_column_text]Mein Name ist Kostas Savvaides, Inhaber der Thalassa-Luxus Villa. Ich bin Bauingenieur und lebe mit meiner Frau und meiner Tochter auf der wundersch\u00f6nen Insel Rhodos. Thalassa Luxus-Villa wurde urspr\u00fcnglich f\u00fcr den pers\u00f6nlichen Gebrauch entworfen und gebaut, so dass besondere Sorgfalt [&hellip;]<\/p>\n","protected":false},"author":1,"featured_media":0,"parent":0,"menu_order":0,"comment_status":"closed","ping_status":"closed","template":"","meta":{"footnotes":""},"class_list":["post-380","page","type-page","status-publish","hentry"],"acf":[],"yoast_head":"<!-- This site is optimized with the Yoast SEO plugin v27.2 - https:\/\/yoast.com\/product\/yoast-seo-wordpress\/ -->\n<title>Buchungsanfrage - Thalassa Luxury Villa<\/title>\n<meta name=\"robots\" content=\"index, follow, max-snippet:-1, max-image-preview:large, max-video-preview:-1\" \/>\n<link rel=\"canonical\" href=\"https:\/\/thalassaluxuryvilla.com\/de\/verfuegbarkeit-buchungsanfrage\/\" \/>\n<meta property=\"og:locale\" content=\"de_DE\" \/>\n<meta property=\"og:type\" content=\"article\" \/>\n<meta property=\"og:title\" content=\"Buchungsanfrage - Thalassa Luxury Villa\" \/>\n<meta property=\"og:description\" content=\"[vc_row fullwidth=&#8220;true&#8220; parallax=&#8220;content-moving&#8220; parallax_image=&#8220;128&#8243; css=&#8220;.vc_custom_1486388532231{margin-top: -100px !important;padding-top: 200px !important;padding-bottom: 200px !important;}&#8220;][vc_column][\/vc_column][\/vc_row][vc_row][vc_column][vc_empty_space height=&#8220;50&#8243;][\/vc_column][\/vc_row][vc_row][vc_column width=&#8220;1\/4&#8243;][vc_single_image image=&#8220;123&#8243; img_size=&#8220;full&#8220;][\/vc_column][vc_column width=&#8220;3\/4&#8243;][vc_column_text]Mein Name ist Kostas Savvaides, Inhaber der Thalassa-Luxus Villa. Ich bin Bauingenieur und lebe mit meiner Frau und meiner Tochter auf der wundersch\u00f6nen Insel Rhodos. Thalassa Luxus-Villa wurde urspr\u00fcnglich f\u00fcr den pers\u00f6nlichen Gebrauch entworfen und gebaut, so dass besondere Sorgfalt [&hellip;]\" \/>\n<meta property=\"og:url\" content=\"https:\/\/thalassaluxuryvilla.com\/de\/verfuegbarkeit-buchungsanfrage\/\" \/>\n<meta property=\"og:site_name\" content=\"Thalassa Luxury Villa\" \/>\n<meta property=\"article:publisher\" content=\"https:\/\/www.facebook.com\/thalassaluxutyvilla\/\" \/>\n<meta property=\"article:modified_time\" content=\"2022-10-03T09:35:50+00:00\" \/>\n<meta name=\"twitter:card\" content=\"summary_large_image\" \/>\n<meta name=\"twitter:label1\" content=\"Gesch\u00e4tzte Lesezeit\" \/>\n\t<meta name=\"twitter:data1\" content=\"2\u00a0Minuten\" \/>\n<script type=\"application\/ld+json\" class=\"yoast-schema-graph\">{\"@context\":\"https:\/\/schema.org\",\"@graph\":[{\"@type\":\"WebPage\",\"@id\":\"https:\/\/thalassaluxuryvilla.com\/de\/verfuegbarkeit-buchungsanfrage\/\",\"url\":\"https:\/\/thalassaluxuryvilla.com\/de\/verfuegbarkeit-buchungsanfrage\/\",\"name\":\"Buchungsanfrage - Thalassa Luxury Villa\",\"isPartOf\":{\"@id\":\"https:\/\/thalassaluxuryvilla.com\/#website\"},\"datePublished\":\"2017-01-27T15:19:45+00:00\",\"dateModified\":\"2022-10-03T09:35:50+00:00\",\"breadcrumb\":{\"@id\":\"https:\/\/thalassaluxuryvilla.com\/de\/verfuegbarkeit-buchungsanfrage\/#breadcrumb\"},\"inLanguage\":\"de\",\"potentialAction\":[{\"@type\":\"ReadAction\",\"target\":[\"https:\/\/thalassaluxuryvilla.com\/de\/verfuegbarkeit-buchungsanfrage\/\"]}]},{\"@type\":\"BreadcrumbList\",\"@id\":\"https:\/\/thalassaluxuryvilla.com\/de\/verfuegbarkeit-buchungsanfrage\/#breadcrumb\",\"itemListElement\":[{\"@type\":\"ListItem\",\"position\":1,\"name\":\"Home\",\"item\":\"https:\/\/thalassaluxuryvilla.com\/de\/\"},{\"@type\":\"ListItem\",\"position\":2,\"name\":\"Buchungsanfrage\"}]},{\"@type\":\"WebSite\",\"@id\":\"https:\/\/thalassaluxuryvilla.com\/#website\",\"url\":\"https:\/\/thalassaluxuryvilla.com\/\",\"name\":\"Thalassa Luxury Villa\",\"description\":\"Ialysos, Rhodes\",\"publisher\":{\"@id\":\"https:\/\/thalassaluxuryvilla.com\/#organization\"},\"potentialAction\":[{\"@type\":\"SearchAction\",\"target\":{\"@type\":\"EntryPoint\",\"urlTemplate\":\"https:\/\/thalassaluxuryvilla.com\/?s={search_term_string}\"},\"query-input\":{\"@type\":\"PropertyValueSpecification\",\"valueRequired\":true,\"valueName\":\"search_term_string\"}}],\"inLanguage\":\"de\"},{\"@type\":\"Organization\",\"@id\":\"https:\/\/thalassaluxuryvilla.com\/#organization\",\"name\":\"Thalassa Luxury Villa\",\"url\":\"https:\/\/thalassaluxuryvilla.com\/\",\"logo\":{\"@type\":\"ImageObject\",\"inLanguage\":\"de\",\"@id\":\"https:\/\/thalassaluxuryvilla.com\/#\/schema\/logo\/image\/\",\"url\":\"https:\/\/thalassaluxuryvilla.com\/wp-content\/uploads\/2017\/01\/logo.png\",\"contentUrl\":\"https:\/\/thalassaluxuryvilla.com\/wp-content\/uploads\/2017\/01\/logo.png\",\"width\":467,\"height\":150,\"caption\":\"Thalassa Luxury Villa\"},\"image\":{\"@id\":\"https:\/\/thalassaluxuryvilla.com\/#\/schema\/logo\/image\/\"},\"sameAs\":[\"https:\/\/www.facebook.com\/thalassaluxutyvilla\/\"]}]}<\/script>\n<!-- \/ Yoast SEO plugin. -->","yoast_head_json":{"title":"Buchungsanfrage - Thalassa Luxury Villa","robots":{"index":"index","follow":"follow","max-snippet":"max-snippet:-1","max-image-preview":"max-image-preview:large","max-video-preview":"max-video-preview:-1"},"canonical":"https:\/\/thalassaluxuryvilla.com\/de\/verfuegbarkeit-buchungsanfrage\/","og_locale":"de_DE","og_type":"article","og_title":"Buchungsanfrage - Thalassa Luxury Villa","og_description":"[vc_row fullwidth=&#8220;true&#8220; parallax=&#8220;content-moving&#8220; parallax_image=&#8220;128&#8243; css=&#8220;.vc_custom_1486388532231{margin-top: -100px !important;padding-top: 200px !important;padding-bottom: 200px !important;}&#8220;][vc_column][\/vc_column][\/vc_row][vc_row][vc_column][vc_empty_space height=&#8220;50&#8243;][\/vc_column][\/vc_row][vc_row][vc_column width=&#8220;1\/4&#8243;][vc_single_image image=&#8220;123&#8243; img_size=&#8220;full&#8220;][\/vc_column][vc_column width=&#8220;3\/4&#8243;][vc_column_text]Mein Name ist Kostas Savvaides, Inhaber der Thalassa-Luxus Villa. Ich bin Bauingenieur und lebe mit meiner Frau und meiner Tochter auf der wundersch\u00f6nen Insel Rhodos. Thalassa Luxus-Villa wurde urspr\u00fcnglich f\u00fcr den pers\u00f6nlichen Gebrauch entworfen und gebaut, so dass besondere Sorgfalt [&hellip;]","og_url":"https:\/\/thalassaluxuryvilla.com\/de\/verfuegbarkeit-buchungsanfrage\/","og_site_name":"Thalassa Luxury Villa","article_publisher":"https:\/\/www.facebook.com\/thalassaluxutyvilla\/","article_modified_time":"2022-10-03T09:35:50+00:00","twitter_card":"summary_large_image","twitter_misc":{"Gesch\u00e4tzte Lesezeit":"2\u00a0Minuten"},"schema":{"@context":"https:\/\/schema.org","@graph":[{"@type":"WebPage","@id":"https:\/\/thalassaluxuryvilla.com\/de\/verfuegbarkeit-buchungsanfrage\/","url":"https:\/\/thalassaluxuryvilla.com\/de\/verfuegbarkeit-buchungsanfrage\/","name":"Buchungsanfrage - Thalassa Luxury Villa","isPartOf":{"@id":"https:\/\/thalassaluxuryvilla.com\/#website"},"datePublished":"2017-01-27T15:19:45+00:00","dateModified":"2022-10-03T09:35:50+00:00","breadcrumb":{"@id":"https:\/\/thalassaluxuryvilla.com\/de\/verfuegbarkeit-buchungsanfrage\/#breadcrumb"},"inLanguage":"de","potentialAction":[{"@type":"ReadAction","target":["https:\/\/thalassaluxuryvilla.com\/de\/verfuegbarkeit-buchungsanfrage\/"]}]},{"@type":"BreadcrumbList","@id":"https:\/\/thalassaluxuryvilla.com\/de\/verfuegbarkeit-buchungsanfrage\/#breadcrumb","itemListElement":[{"@type":"ListItem","position":1,"name":"Home","item":"https:\/\/thalassaluxuryvilla.com\/de\/"},{"@type":"ListItem","position":2,"name":"Buchungsanfrage"}]},{"@type":"WebSite","@id":"https:\/\/thalassaluxuryvilla.com\/#website","url":"https:\/\/thalassaluxuryvilla.com\/","name":"Thalassa Luxury Villa","description":"Ialysos, Rhodes","publisher":{"@id":"https:\/\/thalassaluxuryvilla.com\/#organization"},"potentialAction":[{"@type":"SearchAction","target":{"@type":"EntryPoint","urlTemplate":"https:\/\/thalassaluxuryvilla.com\/?s={search_term_string}"},"query-input":{"@type":"PropertyValueSpecification","valueRequired":true,"valueName":"search_term_string"}}],"inLanguage":"de"},{"@type":"Organization","@id":"https:\/\/thalassaluxuryvilla.com\/#organization","name":"Thalassa Luxury Villa","url":"https:\/\/thalassaluxuryvilla.com\/","logo":{"@type":"ImageObject","inLanguage":"de","@id":"https:\/\/thalassaluxuryvilla.com\/#\/schema\/logo\/image\/","url":"https:\/\/thalassaluxuryvilla.com\/wp-content\/uploads\/2017\/01\/logo.png","contentUrl":"https:\/\/thalassaluxuryvilla.com\/wp-content\/uploads\/2017\/01\/logo.png","width":467,"height":150,"caption":"Thalassa Luxury Villa"},"image":{"@id":"https:\/\/thalassaluxuryvilla.com\/#\/schema\/logo\/image\/"},"sameAs":["https:\/\/www.facebook.com\/thalassaluxutyvilla\/"]}]}},"_links":{"self":[{"href":"https:\/\/thalassaluxuryvilla.com\/de\/wp-json\/wp\/v2\/pages\/380","targetHints":{"allow":["GET"]}}],"collection":[{"href":"https:\/\/thalassaluxuryvilla.com\/de\/wp-json\/wp\/v2\/pages"}],"about":[{"href":"https:\/\/thalassaluxuryvilla.com\/de\/wp-json\/wp\/v2\/types\/page"}],"author":[{"embeddable":true,"href":"https:\/\/thalassaluxuryvilla.com\/de\/wp-json\/wp\/v2\/users\/1"}],"replies":[{"embeddable":true,"href":"https:\/\/thalassaluxuryvilla.com\/de\/wp-json\/wp\/v2\/comments?post=380"}],"version-history":[{"count":7,"href":"https:\/\/thalassaluxuryvilla.com\/de\/wp-json\/wp\/v2\/pages\/380\/revisions"}],"predecessor-version":[{"id":444,"href":"https:\/\/thalassaluxuryvilla.com\/de\/wp-json\/wp\/v2\/pages\/380\/revisions\/444"}],"wp:attachment":[{"href":"https:\/\/thalassaluxuryvilla.com\/de\/wp-json\/wp\/v2\/media?parent=380"}],"curies":[{"name":"wp","href":"https:\/\/api.w.org\/{rel}","templated":true}]}}