{"id":366,"date":"2017-01-27T14:51:50","date_gmt":"2017-01-27T12:51:50","guid":{"rendered":"https:\/\/thalassaluxuryvilla.com\/homepage\/"},"modified":"2022-10-03T12:45:10","modified_gmt":"2022-10-03T09:45:10","slug":"homepage","status":"publish","type":"page","link":"https:\/\/thalassaluxuryvilla.com\/fr\/","title":{"rendered":"La Villa"},"content":{"rendered":"<div class=\"wpb-content-wrapper\">[vc_row fullwidth=\u00a0\u00bbtrue\u00a0\u00bb css=\u00a0\u00bb.vc_custom_1485532497027{margin-top: -130px !important;}\u00a0\u00bb][vc_column][mk_revslider id=\u00a0\u00bbintro\u00a0\u00bb][\/vc_column][\/vc_row][vc_row][vc_column][vc_empty_space height=\u00a0\u00bb50&Prime;][vc_column_text]\n<h2 style=\"text-align: justify;\">La\u00a0Villa<\/h2>\n<p style=\"text-align: justify;\"><strong>Thalassa\u00a0Luxury Villa<\/strong>\u00a0est situ\u00e9e \u00e0 Ialysos, sur l\u2019 \u00eele magnifique de Rhodes-Gr\u00e8ce. C&rsquo;est une maison de luxe de 200 m\u00b2 avec 4 chambres, salon, cuisine et un beau jardin avec barbecue et peut accueillir ais\u00e9ment jusqu&rsquo;\u00e0 8 personnes offrant le meilleur pour vos vacances en Gr\u00e8ce.<\/p>\n<p style=\"text-align: justify;\">Ici il n&rsquo;y a qu&rsquo;une seule r\u00e8gle : profitez de votre s\u00e9jour!<\/p>\n<p style=\"text-align: justify;\">A l&rsquo;origine cette villa avait \u00e9t\u00e9 construite pour un usage personnel, ainsi les mat\u00e9riaux utilis\u00e9s sont d&rsquo;excellente qualit\u00e9 : Carreaux, meubles de salle de bains, robinets, placards de cuisine et armoires de chambre \u00e0 coucher sont tous con\u00e7us et fabriqu\u00e9s en Italie. Les objets qui se trouvent sans la maison sont des h\u00e9ritages de famille, des tapis, des antiquit\u00e9s et des \u0153uvres d&rsquo;artistes locaux qui se m\u00e9langent harmonieusement avec le style moderne de la maison cr\u00e9ant un espace de vacances int\u00e9ressant, dynamique et en m\u00eame temps confortable .<\/p>\n<p style=\"text-align: justify;\">La villa est enti\u00e8rement climatis\u00e9e (froid ou chaud) et offre une connexion internet wi-fi dans toutes les pi\u00e8ces..<\/p>\n<p style=\"text-align: justify;\">Un chauffe-eau solaire fournit de l&rsquo;eau chaude toute la journ\u00e9e.<\/p>\n[\/vc_column_text][\/vc_column][\/vc_row][vc_row][vc_column][mk_gallery images=\u00a0\u00bb33,30,13,34,12&Prime; style=\u00a0\u00bbstyle3&Prime; orderby=\u00a0\u00bbpost__in\u00a0\u00bb][\/vc_column][\/vc_row][vc_row][vc_column][vc_column_text]\n<h2>Rez-de-chauss\u00e9e<\/h2>\n<p style=\"text-align: justify;\">Au rez de chauss\u00e9e se trouve la cuisine, la salle \u00e0 manger, l&rsquo;une des quatre salles de bains de la maison et un grand salon.<\/p>\n<p style=\"text-align: justify;\">La cuisine est enti\u00e8rement \u00e9quip\u00e9e d\u2019 un r\u00e9frig\u00e9rateur avec cong\u00e9lateur, plaque vitroc\u00e9ramique \u00e9lectrique, four, four \u00e0 micro-ondes, lave-vaisselle, cafeti\u00e8re, grille-pain et un ensemble complet de verres, vaisselle et ustensiles de cuisine, ainsi que de la vaisselle et des couverts sp\u00e9ciaux pour les enfants.<\/p>\n<p style=\"text-align: justify;\">La table \u00e0 manger en bois est sp\u00e9cialement con\u00e7ue pour 10 personnes.<\/p>\n<p style=\"text-align: justify;\">Dans le salon il y a un canap\u00e9, des fauteuils et des tabourets et des chaises traditionnels en bois. En outre, il y a une chemin\u00e9e, qui avec un \u00e9clairage indirect, les divers objets traditionnels et les tapis d\u00e9corent l&rsquo;endroit merveilleusement. Vous trouverez aussi un t\u00e9l\u00e9viseur \u00e0 \u00e9cran plat de 43 pouces avec les cha\u00eenes satellite.<\/p>\n[\/vc_column_text][mk_gallery images=\u00a0\u00bb45,46,44,47,24&Prime; style=\u00a0\u00bbstyle3&Prime; orderby=\u00a0\u00bbpost__in\u00a0\u00bb][\/vc_column][\/vc_row][vc_row][vc_column][vc_column_text]\n<h2>\u00a0Jardin<\/h2>\n<p style=\"text-align: justify;\">Dans le jardin il y a du gazon, des bougainvilliers, du jasmin et autres plantes locales. Il y a aussi un espace pour manger et un coin barbecue avec un store. Toute la propri\u00e9t\u00e9 est cl\u00f4tur\u00e9e par un haut mur d\u00e9coratif offrant une intimit\u00e9 absolue.<\/p>\n[\/vc_column_text][mk_gallery images=\u00a0\u00bb643,628,633,618,613,648,653,658,608&Prime; height=\u00a0\u00bb300&Prime; orderby=\u00a0\u00bbpost__in\u00a0\u00bb][\/vc_column][\/vc_row][vc_row][vc_column][vc_column_text]\n<h2>\u00a0Premier \u00e9tage<\/h2>\n<p style=\"text-align: justify;\">Trois chambres et deux salles de bains sont situ\u00e9es au premier \u00e9tage. La chambre principale avec un lit queen size, \u00e9quip\u00e9e d\u2019une grande armoire et salle de bains avec une cabine de douche. Les deux autres chambres ont des lits simples qui peuvent, sur demande, facilement s\u2019unir en formant des lits doubles king size. Ces deux chambres ont \u00e9galement de grandes armoires et partagent la salle de bain principale avec baignoire et deux lavabos .<\/p>\n<p style=\"text-align: justify;\">La machine \u00e0 laver et le placard pour le linge sale se trouvent \u00e9galement dans la salle de bains principale.<\/p>\n<p style=\"text-align: justify;\">Toutes les chambres ont leur propre balcon spacieux.<\/p>\n[\/vc_column_text][mk_gallery images=\u00a0\u00bb50,35,48,49,51,53,36,55,18,20,19,17&Prime; column=\u00a0\u00bb4&Prime; height=\u00a0\u00bb250&Prime; orderby=\u00a0\u00bbpost__in\u00a0\u00bb][\/vc_column][\/vc_row][vc_row][vc_column][vc_column_text]\n<h2>Dernier \u00e9tage<\/h2>\n<p style=\"text-align: justify;\">Enfin, au dernier \u00e9tage il y a la quatri\u00e8me chambre avec un canap\u00e9-lit double. Il y a aussi une salle de bain avec douche,<br \/>\nLa maison est moderne mais on a \u00e9galement utilis\u00e9 des techniques de construction traditionnelles des \u00eeles de la mer \u00c9g\u00e9e. Au dernier \u00e9tage il y a une grande terrasse qui offre une vue magnifique sur le mont Filerimos, o\u00f9 se trouve un monast\u00e8re c\u00e9l\u00e8bre construit par l&rsquo;Ordre souverain des Chevaliers de Rhodes au cours de leur Occupation de l&rsquo;\u00eele de Rhodes.<\/p>\n[\/vc_column_text][mk_gallery images=\u00a0\u00bb54,38,37,22,21&Prime; style=\u00a0\u00bbstyle3&Prime; orderby=\u00a0\u00bbpost__in\u00a0\u00bb][\/vc_column][\/vc_row][vc_row][vc_column][vc_column_text]\n<h2>\u00a0Informations g\u00e9n\u00e9rales<\/h2>\n<p style=\"text-align: justify;\">Tous les secteurs de la maison sont accessibles.<\/p>\n<p style=\"text-align: justify;\">Nous sommes disponibles \u00e0 tout moment du jour ou de la nuit pour r\u00e9pondre \u00e0 tout ce dont vous avez besoin. La dur\u00e9e d\u2019un appel t\u00e9l\u00e9phonique et nous sommes l\u00e0.<\/p>\n<p style=\"text-align: justify;\">La villa est livr\u00e9 propre avec draps et serviettes propres. Changement gratuit de draps et serviettes disponibles tous les 7 jours, avec un service de nettoyage.<\/p>\n<p style=\"text-align: justify;\">Le jardinier visite la villa une fois par semaine.<\/p>\n[\/vc_column_text][\/vc_column][\/vc_row][vc_row][vc_column][vc_empty_space height=\u00a0\u00bb50&Prime;][\/vc_column][\/vc_row]\n<\/div>","protected":false},"excerpt":{"rendered":"<p>[vc_row fullwidth=\u00a0\u00bbtrue\u00a0\u00bb css=\u00a0\u00bb.vc_custom_1485532497027{margin-top: -130px !important;}\u00a0\u00bb][vc_column][mk_revslider id=\u00a0\u00bbintro\u00a0\u00bb][\/vc_column][\/vc_row][vc_row][vc_column][vc_empty_space height=\u00a0\u00bb50&Prime;][vc_column_text] La\u00a0Villa Thalassa\u00a0Luxury Villa\u00a0est situ\u00e9e \u00e0 Ialysos, sur l\u2019 \u00eele magnifique de Rhodes-Gr\u00e8ce. C&rsquo;est une maison de luxe de 200 m\u00b2 avec 4 chambres, salon, cuisine et un beau jardin avec barbecue et peut accueillir ais\u00e9ment jusqu&rsquo;\u00e0 8 personnes offrant le meilleur pour vos vacances en Gr\u00e8ce. Ici il [&hellip;]<\/p>\n","protected":false},"author":1,"featured_media":0,"parent":0,"menu_order":0,"comment_status":"closed","ping_status":"closed","template":"","meta":{"footnotes":""},"class_list":["post-366","page","type-page","status-publish","hentry"],"acf":[],"yoast_head":"<!-- This site is optimized with the Yoast SEO plugin v27.2 - https:\/\/yoast.com\/product\/yoast-seo-wordpress\/ -->\n<title>La Villa - Thalassa Luxury Villa<\/title>\n<meta name=\"robots\" content=\"index, follow, max-snippet:-1, max-image-preview:large, max-video-preview:-1\" \/>\n<link rel=\"canonical\" href=\"https:\/\/thalassaluxuryvilla.com\/fr\/homepage\/\" \/>\n<meta property=\"og:locale\" content=\"fr_FR\" \/>\n<meta property=\"og:type\" content=\"article\" \/>\n<meta property=\"og:title\" content=\"La Villa - Thalassa Luxury Villa\" \/>\n<meta property=\"og:description\" content=\"[vc_row fullwidth=\u00a0\u00bbtrue\u00a0\u00bb css=\u00a0\u00bb.vc_custom_1485532497027{margin-top: -130px !important;}\u00a0\u00bb][vc_column][mk_revslider id=\u00a0\u00bbintro\u00a0\u00bb][\/vc_column][\/vc_row][vc_row][vc_column][vc_empty_space height=\u00a0\u00bb50&Prime;][vc_column_text] La\u00a0Villa Thalassa\u00a0Luxury Villa\u00a0est situ\u00e9e \u00e0 Ialysos, sur l\u2019 \u00eele magnifique de Rhodes-Gr\u00e8ce. C&rsquo;est une maison de luxe de 200 m\u00b2 avec 4 chambres, salon, cuisine et un beau jardin avec barbecue et peut accueillir ais\u00e9ment jusqu&rsquo;\u00e0 8 personnes offrant le meilleur pour vos vacances en Gr\u00e8ce. Ici il [&hellip;]\" \/>\n<meta property=\"og:url\" content=\"https:\/\/thalassaluxuryvilla.com\/fr\/homepage\/\" \/>\n<meta property=\"og:site_name\" content=\"Thalassa Luxury Villa\" \/>\n<meta property=\"article:publisher\" content=\"https:\/\/www.facebook.com\/thalassaluxutyvilla\/\" \/>\n<meta property=\"article:modified_time\" content=\"2022-10-03T09:45:10+00:00\" \/>\n<meta name=\"twitter:card\" content=\"summary_large_image\" \/>\n<meta name=\"twitter:label1\" content=\"Dur\u00e9e de lecture estim\u00e9e\" \/>\n\t<meta name=\"twitter:data1\" content=\"4 minutes\" \/>\n<script type=\"application\/ld+json\" class=\"yoast-schema-graph\">{\"@context\":\"https:\/\/schema.org\",\"@graph\":[{\"@type\":\"WebPage\",\"@id\":\"https:\/\/thalassaluxuryvilla.com\/fr\/homepage\/\",\"url\":\"https:\/\/thalassaluxuryvilla.com\/fr\/homepage\/\",\"name\":\"La Villa - Thalassa Luxury Villa\",\"isPartOf\":{\"@id\":\"https:\/\/thalassaluxuryvilla.com\/#website\"},\"datePublished\":\"2017-01-27T12:51:50+00:00\",\"dateModified\":\"2022-10-03T09:45:10+00:00\",\"breadcrumb\":{\"@id\":\"https:\/\/thalassaluxuryvilla.com\/fr\/homepage\/#breadcrumb\"},\"inLanguage\":\"fr-FR\",\"potentialAction\":[{\"@type\":\"ReadAction\",\"target\":[\"https:\/\/thalassaluxuryvilla.com\/fr\/homepage\/\"]}]},{\"@type\":\"BreadcrumbList\",\"@id\":\"https:\/\/thalassaluxuryvilla.com\/fr\/homepage\/#breadcrumb\",\"itemListElement\":[{\"@type\":\"ListItem\",\"position\":1,\"name\":\"Home\",\"item\":\"https:\/\/thalassaluxuryvilla.com\/fr\/homepage\/\"},{\"@type\":\"ListItem\",\"position\":2,\"name\":\"La Villa\"}]},{\"@type\":\"WebSite\",\"@id\":\"https:\/\/thalassaluxuryvilla.com\/#website\",\"url\":\"https:\/\/thalassaluxuryvilla.com\/\",\"name\":\"Thalassa Luxury Villa\",\"description\":\"Ialysos, Rhodes\",\"publisher\":{\"@id\":\"https:\/\/thalassaluxuryvilla.com\/#organization\"},\"potentialAction\":[{\"@type\":\"SearchAction\",\"target\":{\"@type\":\"EntryPoint\",\"urlTemplate\":\"https:\/\/thalassaluxuryvilla.com\/?s={search_term_string}\"},\"query-input\":{\"@type\":\"PropertyValueSpecification\",\"valueRequired\":true,\"valueName\":\"search_term_string\"}}],\"inLanguage\":\"fr-FR\"},{\"@type\":\"Organization\",\"@id\":\"https:\/\/thalassaluxuryvilla.com\/#organization\",\"name\":\"Thalassa Luxury Villa\",\"url\":\"https:\/\/thalassaluxuryvilla.com\/\",\"logo\":{\"@type\":\"ImageObject\",\"inLanguage\":\"fr-FR\",\"@id\":\"https:\/\/thalassaluxuryvilla.com\/#\/schema\/logo\/image\/\",\"url\":\"https:\/\/thalassaluxuryvilla.com\/wp-content\/uploads\/2017\/01\/logo.png\",\"contentUrl\":\"https:\/\/thalassaluxuryvilla.com\/wp-content\/uploads\/2017\/01\/logo.png\",\"width\":467,\"height\":150,\"caption\":\"Thalassa Luxury Villa\"},\"image\":{\"@id\":\"https:\/\/thalassaluxuryvilla.com\/#\/schema\/logo\/image\/\"},\"sameAs\":[\"https:\/\/www.facebook.com\/thalassaluxutyvilla\/\"]}]}<\/script>\n<!-- \/ Yoast SEO plugin. -->","yoast_head_json":{"title":"La Villa - Thalassa Luxury Villa","robots":{"index":"index","follow":"follow","max-snippet":"max-snippet:-1","max-image-preview":"max-image-preview:large","max-video-preview":"max-video-preview:-1"},"canonical":"https:\/\/thalassaluxuryvilla.com\/fr\/homepage\/","og_locale":"fr_FR","og_type":"article","og_title":"La Villa - Thalassa Luxury Villa","og_description":"[vc_row fullwidth=\u00a0\u00bbtrue\u00a0\u00bb css=\u00a0\u00bb.vc_custom_1485532497027{margin-top: -130px !important;}\u00a0\u00bb][vc_column][mk_revslider id=\u00a0\u00bbintro\u00a0\u00bb][\/vc_column][\/vc_row][vc_row][vc_column][vc_empty_space height=\u00a0\u00bb50&Prime;][vc_column_text] La\u00a0Villa Thalassa\u00a0Luxury Villa\u00a0est situ\u00e9e \u00e0 Ialysos, sur l\u2019 \u00eele magnifique de Rhodes-Gr\u00e8ce. C&rsquo;est une maison de luxe de 200 m\u00b2 avec 4 chambres, salon, cuisine et un beau jardin avec barbecue et peut accueillir ais\u00e9ment jusqu&rsquo;\u00e0 8 personnes offrant le meilleur pour vos vacances en Gr\u00e8ce. Ici il [&hellip;]","og_url":"https:\/\/thalassaluxuryvilla.com\/fr\/homepage\/","og_site_name":"Thalassa Luxury Villa","article_publisher":"https:\/\/www.facebook.com\/thalassaluxutyvilla\/","article_modified_time":"2022-10-03T09:45:10+00:00","twitter_card":"summary_large_image","twitter_misc":{"Dur\u00e9e de lecture estim\u00e9e":"4 minutes"},"schema":{"@context":"https:\/\/schema.org","@graph":[{"@type":"WebPage","@id":"https:\/\/thalassaluxuryvilla.com\/fr\/homepage\/","url":"https:\/\/thalassaluxuryvilla.com\/fr\/homepage\/","name":"La Villa - Thalassa Luxury Villa","isPartOf":{"@id":"https:\/\/thalassaluxuryvilla.com\/#website"},"datePublished":"2017-01-27T12:51:50+00:00","dateModified":"2022-10-03T09:45:10+00:00","breadcrumb":{"@id":"https:\/\/thalassaluxuryvilla.com\/fr\/homepage\/#breadcrumb"},"inLanguage":"fr-FR","potentialAction":[{"@type":"ReadAction","target":["https:\/\/thalassaluxuryvilla.com\/fr\/homepage\/"]}]},{"@type":"BreadcrumbList","@id":"https:\/\/thalassaluxuryvilla.com\/fr\/homepage\/#breadcrumb","itemListElement":[{"@type":"ListItem","position":1,"name":"Home","item":"https:\/\/thalassaluxuryvilla.com\/fr\/homepage\/"},{"@type":"ListItem","position":2,"name":"La Villa"}]},{"@type":"WebSite","@id":"https:\/\/thalassaluxuryvilla.com\/#website","url":"https:\/\/thalassaluxuryvilla.com\/","name":"Thalassa Luxury Villa","description":"Ialysos, Rhodes","publisher":{"@id":"https:\/\/thalassaluxuryvilla.com\/#organization"},"potentialAction":[{"@type":"SearchAction","target":{"@type":"EntryPoint","urlTemplate":"https:\/\/thalassaluxuryvilla.com\/?s={search_term_string}"},"query-input":{"@type":"PropertyValueSpecification","valueRequired":true,"valueName":"search_term_string"}}],"inLanguage":"fr-FR"},{"@type":"Organization","@id":"https:\/\/thalassaluxuryvilla.com\/#organization","name":"Thalassa Luxury Villa","url":"https:\/\/thalassaluxuryvilla.com\/","logo":{"@type":"ImageObject","inLanguage":"fr-FR","@id":"https:\/\/thalassaluxuryvilla.com\/#\/schema\/logo\/image\/","url":"https:\/\/thalassaluxuryvilla.com\/wp-content\/uploads\/2017\/01\/logo.png","contentUrl":"https:\/\/thalassaluxuryvilla.com\/wp-content\/uploads\/2017\/01\/logo.png","width":467,"height":150,"caption":"Thalassa Luxury Villa"},"image":{"@id":"https:\/\/thalassaluxuryvilla.com\/#\/schema\/logo\/image\/"},"sameAs":["https:\/\/www.facebook.com\/thalassaluxutyvilla\/"]}]}},"_links":{"self":[{"href":"https:\/\/thalassaluxuryvilla.com\/fr\/wp-json\/wp\/v2\/pages\/366","targetHints":{"allow":["GET"]}}],"collection":[{"href":"https:\/\/thalassaluxuryvilla.com\/fr\/wp-json\/wp\/v2\/pages"}],"about":[{"href":"https:\/\/thalassaluxuryvilla.com\/fr\/wp-json\/wp\/v2\/types\/page"}],"author":[{"embeddable":true,"href":"https:\/\/thalassaluxuryvilla.com\/fr\/wp-json\/wp\/v2\/users\/1"}],"replies":[{"embeddable":true,"href":"https:\/\/thalassaluxuryvilla.com\/fr\/wp-json\/wp\/v2\/comments?post=366"}],"version-history":[{"count":9,"href":"https:\/\/thalassaluxuryvilla.com\/fr\/wp-json\/wp\/v2\/pages\/366\/revisions"}],"predecessor-version":[{"id":684,"href":"https:\/\/thalassaluxuryvilla.com\/fr\/wp-json\/wp\/v2\/pages\/366\/revisions\/684"}],"wp:attachment":[{"href":"https:\/\/thalassaluxuryvilla.com\/fr\/wp-json\/wp\/v2\/media?parent=366"}],"curies":[{"name":"wp","href":"https:\/\/api.w.org\/{rel}","templated":true}]}}