{"id":375,"date":"2017-01-27T17:11:01","date_gmt":"2017-01-27T15:11:01","guid":{"rendered":"https:\/\/thalassaluxuryvilla.com\/location\/"},"modified":"2017-02-06T22:18:48","modified_gmt":"2017-02-06T20:18:48","slug":"emplacement","status":"publish","type":"page","link":"https:\/\/thalassaluxuryvilla.com\/fr\/emplacement\/","title":{"rendered":"Emplacement"},"content":{"rendered":"<div class=\"wpb-content-wrapper\">[vc_row][vc_column][mk_gallery images=\u00a0\u00bb100,104,102,101,103&Prime; style=\u00a0\u00bbstyle1&Prime; orderby=\u00a0\u00bbpost__in\u00a0\u00bb][\/vc_column][\/vc_row][vc_row][vc_column width=\u00a0\u00bb1\/2&Prime;][vc_column_text]\n<p style=\"text-align: justify;\">Le quartier est r\u00e9sidentiel avec surtout de grandes villas mais aussi tr\u00e8s touristique, gr\u00e2ce \u00e0 la c\u00e9l\u00e8bre plage de Ixia \u00e0 proximit\u00e9. Des h\u00f4tels cinq \u00e9toiles, des restaurants, des bars, des magasins, etc. sont tous accessibles \u00e0 pied, sur la route c\u00f4ti\u00e8re de Ixia \/ Ialysos.<\/p>\n<p style=\"text-align: justify;\">Une station d&rsquo;essence est \u00e0 seulement 50 m\u00e8tres et deux grands supermarch\u00e9s, ainsi qu&rsquo;une boulangerie, \u00e0 seulement 150m de la villa. Vous trouverez \u00e9galement une salle de gym \u00e0 environ 300 m\u00e8tres de la villa.<\/p>\n<p style=\"text-align: justify;\">Il y a beaucoup d&rsquo;espace \u00e0 l&rsquo;ext\u00e9rieur de la propri\u00e9t\u00e9 pour garer votre voiture.<\/p>\n[\/vc_column_text][\/vc_column][vc_column width=\u00a0\u00bb1\/2&Prime;][vc_gmaps link=\u00a0\u00bb#E-8_JTNDaWZyYW1lJTIwc3JjJTNEJTIyaHR0cHMlM0ElMkYlMkZ3d3cuZ29vZ2xlLmNvbSUyRm1hcHMlMkZlbWJlZCUzRnBiJTNEJTIxMW0xNCUyMTFtOCUyMTFtMyUyMTFkMjM0MS4wOTY4NjIyNjM5MTQzJTIxMmQyOC4xNjU5NTQlMjEzZDM2LjQxNzczMiUyMTNtMiUyMTFpMTAyNCUyMTJpNzY4JTIxNGYxMy4xJTIxM20zJTIxMW0yJTIxMXMweDAlMjUzQTB4ZjJkMDI0YWUyZDIwOWM1YSUyMTJzVGhhbGFzc2ElMkJMdXh1cnklMkJWaWxsYSUyMTVlMSUyMTNtMiUyMTFzZWwlMjEyc2dyJTIxNHYxNDg2MDQ5ODE1NDIzJTIyJTIwd2lkdGglM0QlMjI0MDAlMjIlMjBoZWlnaHQlM0QlMjI3MDAlMjIlMjBmcmFtZWJvcmRlciUzRCUyMjAlMjIlMjBzdHlsZSUzRCUyMmJvcmRlciUzQTAlMjIlMjBhbGxvd2Z1bGxzY3JlZW4lM0UlM0MlMkZpZnJhbWUlM0U=\u00a0\u00bb][\/vc_column][\/vc_row]\n<\/div>","protected":false},"excerpt":{"rendered":"<p>[vc_row][vc_column][mk_gallery images=\u00a0\u00bb100,104,102,101,103&Prime; style=\u00a0\u00bbstyle1&Prime; orderby=\u00a0\u00bbpost__in\u00a0\u00bb][\/vc_column][\/vc_row][vc_row][vc_column width=\u00a0\u00bb1\/2&Prime;][vc_column_text] Le quartier est r\u00e9sidentiel avec surtout de grandes villas mais aussi tr\u00e8s touristique, gr\u00e2ce \u00e0 la c\u00e9l\u00e8bre plage de Ixia \u00e0 proximit\u00e9. Des h\u00f4tels cinq \u00e9toiles, des restaurants, des bars, des magasins, etc. sont tous accessibles \u00e0 pied, sur la route c\u00f4ti\u00e8re de Ixia \/ Ialysos. Une station d&rsquo;essence est [&hellip;]<\/p>\n","protected":false},"author":1,"featured_media":0,"parent":0,"menu_order":0,"comment_status":"closed","ping_status":"closed","template":"","meta":{"footnotes":""},"class_list":["post-375","page","type-page","status-publish","hentry"],"acf":[],"yoast_head":"<!-- This site is optimized with the Yoast SEO plugin v27.2 - https:\/\/yoast.com\/product\/yoast-seo-wordpress\/ -->\n<title>Emplacement - Thalassa Luxury Villa<\/title>\n<meta name=\"robots\" content=\"index, follow, max-snippet:-1, max-image-preview:large, max-video-preview:-1\" \/>\n<link rel=\"canonical\" href=\"https:\/\/thalassaluxuryvilla.com\/fr\/emplacement\/\" \/>\n<meta property=\"og:locale\" content=\"fr_FR\" \/>\n<meta property=\"og:type\" content=\"article\" \/>\n<meta property=\"og:title\" content=\"Emplacement - Thalassa Luxury Villa\" \/>\n<meta property=\"og:description\" content=\"[vc_row][vc_column][mk_gallery images=\u00a0\u00bb100,104,102,101,103&Prime; style=\u00a0\u00bbstyle1&Prime; orderby=\u00a0\u00bbpost__in\u00a0\u00bb][\/vc_column][\/vc_row][vc_row][vc_column width=\u00a0\u00bb1\/2&Prime;][vc_column_text] Le quartier est r\u00e9sidentiel avec surtout de grandes villas mais aussi tr\u00e8s touristique, gr\u00e2ce \u00e0 la c\u00e9l\u00e8bre plage de Ixia \u00e0 proximit\u00e9. Des h\u00f4tels cinq \u00e9toiles, des restaurants, des bars, des magasins, etc. sont tous accessibles \u00e0 pied, sur la route c\u00f4ti\u00e8re de Ixia \/ Ialysos. Une station d&rsquo;essence est [&hellip;]\" \/>\n<meta property=\"og:url\" content=\"https:\/\/thalassaluxuryvilla.com\/fr\/emplacement\/\" \/>\n<meta property=\"og:site_name\" content=\"Thalassa Luxury Villa\" \/>\n<meta property=\"article:publisher\" content=\"https:\/\/www.facebook.com\/thalassaluxutyvilla\/\" \/>\n<meta property=\"article:modified_time\" content=\"2017-02-06T20:18:48+00:00\" \/>\n<meta name=\"twitter:card\" content=\"summary_large_image\" \/>\n<meta name=\"twitter:label1\" content=\"Dur\u00e9e de lecture estim\u00e9e\" \/>\n\t<meta name=\"twitter:data1\" content=\"1 minute\" \/>\n<script type=\"application\/ld+json\" class=\"yoast-schema-graph\">{\"@context\":\"https:\/\/schema.org\",\"@graph\":[{\"@type\":\"WebPage\",\"@id\":\"https:\/\/thalassaluxuryvilla.com\/fr\/emplacement\/\",\"url\":\"https:\/\/thalassaluxuryvilla.com\/fr\/emplacement\/\",\"name\":\"Emplacement - Thalassa Luxury Villa\",\"isPartOf\":{\"@id\":\"https:\/\/thalassaluxuryvilla.com\/#website\"},\"datePublished\":\"2017-01-27T15:11:01+00:00\",\"dateModified\":\"2017-02-06T20:18:48+00:00\",\"breadcrumb\":{\"@id\":\"https:\/\/thalassaluxuryvilla.com\/fr\/emplacement\/#breadcrumb\"},\"inLanguage\":\"fr-FR\",\"potentialAction\":[{\"@type\":\"ReadAction\",\"target\":[\"https:\/\/thalassaluxuryvilla.com\/fr\/emplacement\/\"]}]},{\"@type\":\"BreadcrumbList\",\"@id\":\"https:\/\/thalassaluxuryvilla.com\/fr\/emplacement\/#breadcrumb\",\"itemListElement\":[{\"@type\":\"ListItem\",\"position\":1,\"name\":\"Home\",\"item\":\"https:\/\/thalassaluxuryvilla.com\/fr\/homepage\/\"},{\"@type\":\"ListItem\",\"position\":2,\"name\":\"Emplacement\"}]},{\"@type\":\"WebSite\",\"@id\":\"https:\/\/thalassaluxuryvilla.com\/#website\",\"url\":\"https:\/\/thalassaluxuryvilla.com\/\",\"name\":\"Thalassa Luxury Villa\",\"description\":\"Ialysos, Rhodes\",\"publisher\":{\"@id\":\"https:\/\/thalassaluxuryvilla.com\/#organization\"},\"potentialAction\":[{\"@type\":\"SearchAction\",\"target\":{\"@type\":\"EntryPoint\",\"urlTemplate\":\"https:\/\/thalassaluxuryvilla.com\/?s={search_term_string}\"},\"query-input\":{\"@type\":\"PropertyValueSpecification\",\"valueRequired\":true,\"valueName\":\"search_term_string\"}}],\"inLanguage\":\"fr-FR\"},{\"@type\":\"Organization\",\"@id\":\"https:\/\/thalassaluxuryvilla.com\/#organization\",\"name\":\"Thalassa Luxury Villa\",\"url\":\"https:\/\/thalassaluxuryvilla.com\/\",\"logo\":{\"@type\":\"ImageObject\",\"inLanguage\":\"fr-FR\",\"@id\":\"https:\/\/thalassaluxuryvilla.com\/#\/schema\/logo\/image\/\",\"url\":\"https:\/\/thalassaluxuryvilla.com\/wp-content\/uploads\/2017\/01\/logo.png\",\"contentUrl\":\"https:\/\/thalassaluxuryvilla.com\/wp-content\/uploads\/2017\/01\/logo.png\",\"width\":467,\"height\":150,\"caption\":\"Thalassa Luxury Villa\"},\"image\":{\"@id\":\"https:\/\/thalassaluxuryvilla.com\/#\/schema\/logo\/image\/\"},\"sameAs\":[\"https:\/\/www.facebook.com\/thalassaluxutyvilla\/\"]}]}<\/script>\n<!-- \/ Yoast SEO plugin. -->","yoast_head_json":{"title":"Emplacement - Thalassa Luxury Villa","robots":{"index":"index","follow":"follow","max-snippet":"max-snippet:-1","max-image-preview":"max-image-preview:large","max-video-preview":"max-video-preview:-1"},"canonical":"https:\/\/thalassaluxuryvilla.com\/fr\/emplacement\/","og_locale":"fr_FR","og_type":"article","og_title":"Emplacement - Thalassa Luxury Villa","og_description":"[vc_row][vc_column][mk_gallery images=\u00a0\u00bb100,104,102,101,103&Prime; style=\u00a0\u00bbstyle1&Prime; orderby=\u00a0\u00bbpost__in\u00a0\u00bb][\/vc_column][\/vc_row][vc_row][vc_column width=\u00a0\u00bb1\/2&Prime;][vc_column_text] Le quartier est r\u00e9sidentiel avec surtout de grandes villas mais aussi tr\u00e8s touristique, gr\u00e2ce \u00e0 la c\u00e9l\u00e8bre plage de Ixia \u00e0 proximit\u00e9. Des h\u00f4tels cinq \u00e9toiles, des restaurants, des bars, des magasins, etc. sont tous accessibles \u00e0 pied, sur la route c\u00f4ti\u00e8re de Ixia \/ Ialysos. Une station d&rsquo;essence est [&hellip;]","og_url":"https:\/\/thalassaluxuryvilla.com\/fr\/emplacement\/","og_site_name":"Thalassa Luxury Villa","article_publisher":"https:\/\/www.facebook.com\/thalassaluxutyvilla\/","article_modified_time":"2017-02-06T20:18:48+00:00","twitter_card":"summary_large_image","twitter_misc":{"Dur\u00e9e de lecture estim\u00e9e":"1 minute"},"schema":{"@context":"https:\/\/schema.org","@graph":[{"@type":"WebPage","@id":"https:\/\/thalassaluxuryvilla.com\/fr\/emplacement\/","url":"https:\/\/thalassaluxuryvilla.com\/fr\/emplacement\/","name":"Emplacement - Thalassa Luxury Villa","isPartOf":{"@id":"https:\/\/thalassaluxuryvilla.com\/#website"},"datePublished":"2017-01-27T15:11:01+00:00","dateModified":"2017-02-06T20:18:48+00:00","breadcrumb":{"@id":"https:\/\/thalassaluxuryvilla.com\/fr\/emplacement\/#breadcrumb"},"inLanguage":"fr-FR","potentialAction":[{"@type":"ReadAction","target":["https:\/\/thalassaluxuryvilla.com\/fr\/emplacement\/"]}]},{"@type":"BreadcrumbList","@id":"https:\/\/thalassaluxuryvilla.com\/fr\/emplacement\/#breadcrumb","itemListElement":[{"@type":"ListItem","position":1,"name":"Home","item":"https:\/\/thalassaluxuryvilla.com\/fr\/homepage\/"},{"@type":"ListItem","position":2,"name":"Emplacement"}]},{"@type":"WebSite","@id":"https:\/\/thalassaluxuryvilla.com\/#website","url":"https:\/\/thalassaluxuryvilla.com\/","name":"Thalassa Luxury Villa","description":"Ialysos, Rhodes","publisher":{"@id":"https:\/\/thalassaluxuryvilla.com\/#organization"},"potentialAction":[{"@type":"SearchAction","target":{"@type":"EntryPoint","urlTemplate":"https:\/\/thalassaluxuryvilla.com\/?s={search_term_string}"},"query-input":{"@type":"PropertyValueSpecification","valueRequired":true,"valueName":"search_term_string"}}],"inLanguage":"fr-FR"},{"@type":"Organization","@id":"https:\/\/thalassaluxuryvilla.com\/#organization","name":"Thalassa Luxury Villa","url":"https:\/\/thalassaluxuryvilla.com\/","logo":{"@type":"ImageObject","inLanguage":"fr-FR","@id":"https:\/\/thalassaluxuryvilla.com\/#\/schema\/logo\/image\/","url":"https:\/\/thalassaluxuryvilla.com\/wp-content\/uploads\/2017\/01\/logo.png","contentUrl":"https:\/\/thalassaluxuryvilla.com\/wp-content\/uploads\/2017\/01\/logo.png","width":467,"height":150,"caption":"Thalassa Luxury Villa"},"image":{"@id":"https:\/\/thalassaluxuryvilla.com\/#\/schema\/logo\/image\/"},"sameAs":["https:\/\/www.facebook.com\/thalassaluxutyvilla\/"]}]}},"_links":{"self":[{"href":"https:\/\/thalassaluxuryvilla.com\/fr\/wp-json\/wp\/v2\/pages\/375","targetHints":{"allow":["GET"]}}],"collection":[{"href":"https:\/\/thalassaluxuryvilla.com\/fr\/wp-json\/wp\/v2\/pages"}],"about":[{"href":"https:\/\/thalassaluxuryvilla.com\/fr\/wp-json\/wp\/v2\/types\/page"}],"author":[{"embeddable":true,"href":"https:\/\/thalassaluxuryvilla.com\/fr\/wp-json\/wp\/v2\/users\/1"}],"replies":[{"embeddable":true,"href":"https:\/\/thalassaluxuryvilla.com\/fr\/wp-json\/wp\/v2\/comments?post=375"}],"version-history":[{"count":1,"href":"https:\/\/thalassaluxuryvilla.com\/fr\/wp-json\/wp\/v2\/pages\/375\/revisions"}],"predecessor-version":[{"id":432,"href":"https:\/\/thalassaluxuryvilla.com\/fr\/wp-json\/wp\/v2\/pages\/375\/revisions\/432"}],"wp:attachment":[{"href":"https:\/\/thalassaluxuryvilla.com\/fr\/wp-json\/wp\/v2\/media?parent=375"}],"curies":[{"name":"wp","href":"https:\/\/api.w.org\/{rel}","templated":true}]}}