{"id":379,"date":"2017-01-27T17:19:45","date_gmt":"2017-01-27T15:19:45","guid":{"rendered":"https:\/\/thalassaluxuryvilla.com\/availability-booking-inquiry\/"},"modified":"2022-10-03T12:32:40","modified_gmt":"2022-10-03T09:32:40","slug":"disponibilite-et-demande-de-reservation","status":"publish","type":"page","link":"https:\/\/thalassaluxuryvilla.com\/fr\/disponibilite-et-demande-de-reservation\/","title":{"rendered":"R\u00e9servation"},"content":{"rendered":"<div class=\"wpb-content-wrapper\">[vc_row fullwidth=\u00a0\u00bbtrue\u00a0\u00bb parallax=\u00a0\u00bbcontent-moving\u00a0\u00bb parallax_image=\u00a0\u00bb128&Prime; css=\u00a0\u00bb.vc_custom_1486388532231{margin-top: -100px !important;padding-top: 200px !important;padding-bottom: 200px !important;}\u00a0\u00bb][vc_column][\/vc_column][\/vc_row][vc_row][vc_column][vc_empty_space height=\u00a0\u00bb50&Prime;][\/vc_column][\/vc_row][vc_row][vc_column width=\u00a0\u00bb1\/4&Prime;][vc_single_image image=\u00a0\u00bb123&Prime; img_size=\u00a0\u00bbfull\u00a0\u00bb][\/vc_column][vc_column width=\u00a0\u00bb3\/4&Prime;][vc_column_text]Mon nom est Kostas Savvaides et je suis le propri\u00e9taire de Thalassa Luxury Villa.<\/p>\n<p>Je suis ing\u00e9nieur civil vivant avec ma femme et ma fille sur l\u2019 \u00eele de Rhodes.<\/p>\n<p>Thalassa Luxury Villa a \u00e9t\u00e9 \u00e0 l&rsquo;origine con\u00e7ue et construite pour un usage personnel, donc un soin suppl\u00e9mentaire a \u00e9t\u00e9 donn\u00e9 \u00e0 tous les d\u00e9tails!<\/p>\n<p>Vous pouvez me contacter par t\u00e9l\u00e9phone au +30 694 4534577 ou en remplissant le formulaire ci-dessous.[\/vc_column_text][\/vc_column][\/vc_row][vc_row][vc_column][vc_empty_space height=\u00a0\u00bb50&Prime;][\/vc_column][\/vc_row][vc_row][vc_column][vc_column_text]\n<h2>Formulaire de demande de r\u00e9servation<\/h2>\n[\/vc_column_text]\n<div class=\"wpcf7 no-js\" id=\"wpcf7-f668-o1\" lang=\"en-US\" dir=\"ltr\" data-wpcf7-id=\"668\">\n<div class=\"screen-reader-response\"><p role=\"status\" aria-live=\"polite\" aria-atomic=\"true\"><\/p> <ul><\/ul><\/div>\n<form action=\"\/fr\/wp-json\/wp\/v2\/pages\/379#wpcf7-f668-o1\" method=\"post\" class=\"wpcf7-form init\" aria-label=\"Contact form\" novalidate=\"novalidate\" data-status=\"init\">\n<div style=\"display: none;\">\n<input type=\"hidden\" name=\"_wpcf7\" value=\"668\" \/>\n<input type=\"hidden\" name=\"_wpcf7_version\" value=\"6.0.6\" \/>\n<input type=\"hidden\" name=\"_wpcf7_locale\" value=\"en_US\" \/>\n<input type=\"hidden\" name=\"_wpcf7_unit_tag\" value=\"wpcf7-f668-o1\" \/>\n<input type=\"hidden\" name=\"_wpcf7_container_post\" value=\"0\" \/>\n<input type=\"hidden\" name=\"_wpcf7_posted_data_hash\" value=\"\" \/>\n<\/div>\n<p><label> First name<br \/>\n<span class=\"wpcf7-form-control-wrap\" data-name=\"first-name\"><input size=\"40\" maxlength=\"400\" class=\"wpcf7-form-control wpcf7-text wpcf7-validates-as-required\" aria-required=\"true\" aria-invalid=\"false\" value=\"\" type=\"text\" name=\"first-name\" \/><\/span> <\/label>\n<\/p>\n<p><label> Last name<br \/>\n<span class=\"wpcf7-form-control-wrap\" data-name=\"last-name\"><input size=\"40\" maxlength=\"400\" class=\"wpcf7-form-control wpcf7-text wpcf7-validates-as-required\" aria-required=\"true\" aria-invalid=\"false\" value=\"\" type=\"text\" name=\"last-name\" \/><\/span> <\/label>\n<\/p>\n<p><label> Telephone<br \/>\n<span class=\"wpcf7-form-control-wrap\" data-name=\"telephone\"><input size=\"40\" maxlength=\"400\" class=\"wpcf7-form-control wpcf7-text wpcf7-validates-as-required\" aria-required=\"true\" aria-invalid=\"false\" value=\"\" type=\"text\" name=\"telephone\" \/><\/span> <\/label>\n<\/p>\n<p><label> Your email<br \/>\n<span class=\"wpcf7-form-control-wrap\" data-name=\"your-email\"><input size=\"40\" maxlength=\"400\" class=\"wpcf7-form-control wpcf7-email wpcf7-validates-as-required wpcf7-text wpcf7-validates-as-email\" aria-required=\"true\" aria-invalid=\"false\" value=\"\" type=\"email\" name=\"your-email\" \/><\/span> <\/label>\n<\/p>\n<p><label> Check in date<br \/>\n<span class=\"wpcf7-form-control-wrap\" data-name=\"date-834\"><input class=\"wpcf7-form-control wpcf7-date wpcf7-validates-as-required wpcf7-validates-as-date\" aria-required=\"true\" aria-invalid=\"false\" value=\"\" type=\"date\" name=\"date-834\" \/><\/span><\/label>\n<\/p>\n<p><label> Check out date<br \/>\n<span class=\"wpcf7-form-control-wrap\" data-name=\"date-835\"><input class=\"wpcf7-form-control wpcf7-date wpcf7-validates-as-required wpcf7-validates-as-date\" aria-required=\"true\" aria-invalid=\"false\" value=\"\" type=\"date\" name=\"date-835\" \/><\/span><\/label>\n<\/p>\n<p><label> Persons<br \/>\n<span class=\"wpcf7-form-control-wrap\" data-name=\"menu-872\"><select class=\"wpcf7-form-control wpcf7-select wpcf7-validates-as-required\" aria-required=\"true\" aria-invalid=\"false\" name=\"menu-872\"><option value=\"1 person\">1 person<\/option><option value=\"2 persons\">2 persons<\/option><option value=\"3 persons\">3 persons<\/option><option value=\"4 persons\">4 persons<\/option><option value=\"5 persons\">5 persons<\/option><option value=\"6 persons\">6 persons<\/option><option value=\"7 persons\">7 persons<\/option><option value=\"8 persons\">8 persons<\/option><\/select><\/span><\/label>\n<\/p>\n<p><label> Special notes (optional)<br \/>\n<span class=\"wpcf7-form-control-wrap\" data-name=\"your-message\"><textarea cols=\"40\" rows=\"10\" maxlength=\"2000\" class=\"wpcf7-form-control wpcf7-textarea\" aria-invalid=\"false\" name=\"your-message\"><\/textarea><\/span> <\/label>\n<\/p>\n<p><input class=\"wpcf7-form-control wpcf7-submit has-spinner\" type=\"submit\" value=\"Submit\" \/>\n<\/p><div class=\"wpcf7-response-output\" aria-hidden=\"true\"><\/div>\n<\/form>\n<\/div>\n[\/vc_column][\/vc_row][vc_row][vc_column][vc_empty_space height=\u00a0\u00bb50&Prime;][\/vc_column][\/vc_row][vc_row][vc_column][vc_column_text]\n<h2>Conditions et autres notes<\/h2>\n<p style=\"text-align: justify;\">Veuillez indiquer le nombre de personnes sur votre demande de r\u00e9servation.<\/p>\n<p style=\"text-align: justify;\">Afin de confirmer votre r\u00e9servation, un acompte de 25% est requis par virement bancaire. Solde \u00e0 payer \u00e0 l&rsquo;arriv\u00e9e.<\/p>\n<p style=\"text-align: justify;\">Veuillez noter que l&rsquo;acompte n&rsquo;est pas remboursable. Pour cela il est conseill\u00e9 de r\u00e9server d\u2019abord vos billets avant de faire le virement bancaire.<\/p>\n<p style=\"text-align: justify;\">Un d\u00e9p\u00f4t de garantie de \u20ac 400,00 est \u00e9galement n\u00e9cessaire, payable \u00e0 l&rsquo;arriv\u00e9e, qui vous sera retourn\u00e9 en esp\u00e8ces au d\u00e9part, \u00e0 condition qu&rsquo;il n&rsquo;y ait eu aucun dommage.<\/p>\n<p style=\"text-align: justify;\">Nous vous rappelons que la maison a \u00e9t\u00e9 d\u00e9cor\u00e9e avec des \u00e9l\u00e9ments de grande valeur sentimentale qui exigent votre attention. En g\u00e9n\u00e9ral, nous aimerions que vous rendiez la maison dans l&rsquo;\u00e9tat o\u00f9 elle vous a \u00e9t\u00e9 livr\u00e9e.<\/p>\n<p style=\"text-align: justify;\">Nous n&rsquo;avons rien contre les animaux de compagnie, cependant, les animaux ne sont pas autoris\u00e9s.<\/p>\n<p style=\"text-align: justify;\">Il est strictement interdit de fumer dans toutes les zones \u00e0 l&rsquo;int\u00e9rieur de la maison.<\/p>\n<p style=\"text-align: justify;\">Check in: 14h00<br \/>\nCheck out: 11h00[\/vc_column_text][\/vc_column][\/vc_row][vc_row][vc_column][vc_empty_space height=\u00a0\u00bb50&Prime;][\/vc_column][\/vc_row]\n<\/div>","protected":false},"excerpt":{"rendered":"<p>[vc_row fullwidth=\u00a0\u00bbtrue\u00a0\u00bb parallax=\u00a0\u00bbcontent-moving\u00a0\u00bb parallax_image=\u00a0\u00bb128&Prime; css=\u00a0\u00bb.vc_custom_1486388532231{margin-top: -100px !important;padding-top: 200px !important;padding-bottom: 200px !important;}\u00a0\u00bb][vc_column][\/vc_column][\/vc_row][vc_row][vc_column][vc_empty_space height=\u00a0\u00bb50&Prime;][\/vc_column][\/vc_row][vc_row][vc_column width=\u00a0\u00bb1\/4&Prime;][vc_single_image image=\u00a0\u00bb123&Prime; img_size=\u00a0\u00bbfull\u00a0\u00bb][\/vc_column][vc_column width=\u00a0\u00bb3\/4&Prime;][vc_column_text]Mon nom est Kostas Savvaides et je suis le propri\u00e9taire de Thalassa Luxury Villa. Je suis ing\u00e9nieur civil vivant avec ma femme et ma fille sur l\u2019 \u00eele de Rhodes. Thalassa Luxury Villa a \u00e9t\u00e9 \u00e0 l&rsquo;origine con\u00e7ue et construite [&hellip;]<\/p>\n","protected":false},"author":1,"featured_media":0,"parent":0,"menu_order":0,"comment_status":"closed","ping_status":"closed","template":"","meta":{"footnotes":""},"class_list":["post-379","page","type-page","status-publish","hentry"],"acf":[],"yoast_head":"<!-- This site is optimized with the Yoast SEO plugin v27.2 - https:\/\/yoast.com\/product\/yoast-seo-wordpress\/ -->\n<title>R\u00e9servation - Thalassa Luxury Villa<\/title>\n<meta name=\"robots\" content=\"index, follow, max-snippet:-1, max-image-preview:large, max-video-preview:-1\" \/>\n<link rel=\"canonical\" href=\"https:\/\/thalassaluxuryvilla.com\/fr\/disponibilite-et-demande-de-reservation\/\" \/>\n<meta property=\"og:locale\" content=\"fr_FR\" \/>\n<meta property=\"og:type\" content=\"article\" \/>\n<meta property=\"og:title\" content=\"R\u00e9servation - Thalassa Luxury Villa\" \/>\n<meta property=\"og:description\" content=\"[vc_row fullwidth=\u00a0\u00bbtrue\u00a0\u00bb parallax=\u00a0\u00bbcontent-moving\u00a0\u00bb parallax_image=\u00a0\u00bb128&Prime; css=\u00a0\u00bb.vc_custom_1486388532231{margin-top: -100px !important;padding-top: 200px !important;padding-bottom: 200px !important;}\u00a0\u00bb][vc_column][\/vc_column][\/vc_row][vc_row][vc_column][vc_empty_space height=\u00a0\u00bb50&Prime;][\/vc_column][\/vc_row][vc_row][vc_column width=\u00a0\u00bb1\/4&Prime;][vc_single_image image=\u00a0\u00bb123&Prime; img_size=\u00a0\u00bbfull\u00a0\u00bb][\/vc_column][vc_column width=\u00a0\u00bb3\/4&Prime;][vc_column_text]Mon nom est Kostas Savvaides et je suis le propri\u00e9taire de Thalassa Luxury Villa. Je suis ing\u00e9nieur civil vivant avec ma femme et ma fille sur l\u2019 \u00eele de Rhodes. Thalassa Luxury Villa a \u00e9t\u00e9 \u00e0 l&rsquo;origine con\u00e7ue et construite [&hellip;]\" \/>\n<meta property=\"og:url\" content=\"https:\/\/thalassaluxuryvilla.com\/fr\/disponibilite-et-demande-de-reservation\/\" \/>\n<meta property=\"og:site_name\" content=\"Thalassa Luxury Villa\" \/>\n<meta property=\"article:publisher\" content=\"https:\/\/www.facebook.com\/thalassaluxutyvilla\/\" \/>\n<meta property=\"article:modified_time\" content=\"2022-10-03T09:32:40+00:00\" \/>\n<meta name=\"twitter:card\" content=\"summary_large_image\" \/>\n<meta name=\"twitter:label1\" content=\"Dur\u00e9e de lecture estim\u00e9e\" \/>\n\t<meta name=\"twitter:data1\" content=\"2 minutes\" \/>\n<script type=\"application\/ld+json\" class=\"yoast-schema-graph\">{\"@context\":\"https:\/\/schema.org\",\"@graph\":[{\"@type\":\"WebPage\",\"@id\":\"https:\/\/thalassaluxuryvilla.com\/fr\/disponibilite-et-demande-de-reservation\/\",\"url\":\"https:\/\/thalassaluxuryvilla.com\/fr\/disponibilite-et-demande-de-reservation\/\",\"name\":\"R\u00e9servation - Thalassa Luxury Villa\",\"isPartOf\":{\"@id\":\"https:\/\/thalassaluxuryvilla.com\/#website\"},\"datePublished\":\"2017-01-27T15:19:45+00:00\",\"dateModified\":\"2022-10-03T09:32:40+00:00\",\"breadcrumb\":{\"@id\":\"https:\/\/thalassaluxuryvilla.com\/fr\/disponibilite-et-demande-de-reservation\/#breadcrumb\"},\"inLanguage\":\"fr-FR\",\"potentialAction\":[{\"@type\":\"ReadAction\",\"target\":[\"https:\/\/thalassaluxuryvilla.com\/fr\/disponibilite-et-demande-de-reservation\/\"]}]},{\"@type\":\"BreadcrumbList\",\"@id\":\"https:\/\/thalassaluxuryvilla.com\/fr\/disponibilite-et-demande-de-reservation\/#breadcrumb\",\"itemListElement\":[{\"@type\":\"ListItem\",\"position\":1,\"name\":\"Home\",\"item\":\"https:\/\/thalassaluxuryvilla.com\/fr\/homepage\/\"},{\"@type\":\"ListItem\",\"position\":2,\"name\":\"R\u00e9servation\"}]},{\"@type\":\"WebSite\",\"@id\":\"https:\/\/thalassaluxuryvilla.com\/#website\",\"url\":\"https:\/\/thalassaluxuryvilla.com\/\",\"name\":\"Thalassa Luxury Villa\",\"description\":\"Ialysos, Rhodes\",\"publisher\":{\"@id\":\"https:\/\/thalassaluxuryvilla.com\/#organization\"},\"potentialAction\":[{\"@type\":\"SearchAction\",\"target\":{\"@type\":\"EntryPoint\",\"urlTemplate\":\"https:\/\/thalassaluxuryvilla.com\/?s={search_term_string}\"},\"query-input\":{\"@type\":\"PropertyValueSpecification\",\"valueRequired\":true,\"valueName\":\"search_term_string\"}}],\"inLanguage\":\"fr-FR\"},{\"@type\":\"Organization\",\"@id\":\"https:\/\/thalassaluxuryvilla.com\/#organization\",\"name\":\"Thalassa Luxury Villa\",\"url\":\"https:\/\/thalassaluxuryvilla.com\/\",\"logo\":{\"@type\":\"ImageObject\",\"inLanguage\":\"fr-FR\",\"@id\":\"https:\/\/thalassaluxuryvilla.com\/#\/schema\/logo\/image\/\",\"url\":\"https:\/\/thalassaluxuryvilla.com\/wp-content\/uploads\/2017\/01\/logo.png\",\"contentUrl\":\"https:\/\/thalassaluxuryvilla.com\/wp-content\/uploads\/2017\/01\/logo.png\",\"width\":467,\"height\":150,\"caption\":\"Thalassa Luxury Villa\"},\"image\":{\"@id\":\"https:\/\/thalassaluxuryvilla.com\/#\/schema\/logo\/image\/\"},\"sameAs\":[\"https:\/\/www.facebook.com\/thalassaluxutyvilla\/\"]}]}<\/script>\n<!-- \/ Yoast SEO plugin. -->","yoast_head_json":{"title":"R\u00e9servation - Thalassa Luxury Villa","robots":{"index":"index","follow":"follow","max-snippet":"max-snippet:-1","max-image-preview":"max-image-preview:large","max-video-preview":"max-video-preview:-1"},"canonical":"https:\/\/thalassaluxuryvilla.com\/fr\/disponibilite-et-demande-de-reservation\/","og_locale":"fr_FR","og_type":"article","og_title":"R\u00e9servation - Thalassa Luxury Villa","og_description":"[vc_row fullwidth=\u00a0\u00bbtrue\u00a0\u00bb parallax=\u00a0\u00bbcontent-moving\u00a0\u00bb parallax_image=\u00a0\u00bb128&Prime; css=\u00a0\u00bb.vc_custom_1486388532231{margin-top: -100px !important;padding-top: 200px !important;padding-bottom: 200px !important;}\u00a0\u00bb][vc_column][\/vc_column][\/vc_row][vc_row][vc_column][vc_empty_space height=\u00a0\u00bb50&Prime;][\/vc_column][\/vc_row][vc_row][vc_column width=\u00a0\u00bb1\/4&Prime;][vc_single_image image=\u00a0\u00bb123&Prime; img_size=\u00a0\u00bbfull\u00a0\u00bb][\/vc_column][vc_column width=\u00a0\u00bb3\/4&Prime;][vc_column_text]Mon nom est Kostas Savvaides et je suis le propri\u00e9taire de Thalassa Luxury Villa. Je suis ing\u00e9nieur civil vivant avec ma femme et ma fille sur l\u2019 \u00eele de Rhodes. Thalassa Luxury Villa a \u00e9t\u00e9 \u00e0 l&rsquo;origine con\u00e7ue et construite [&hellip;]","og_url":"https:\/\/thalassaluxuryvilla.com\/fr\/disponibilite-et-demande-de-reservation\/","og_site_name":"Thalassa Luxury Villa","article_publisher":"https:\/\/www.facebook.com\/thalassaluxutyvilla\/","article_modified_time":"2022-10-03T09:32:40+00:00","twitter_card":"summary_large_image","twitter_misc":{"Dur\u00e9e de lecture estim\u00e9e":"2 minutes"},"schema":{"@context":"https:\/\/schema.org","@graph":[{"@type":"WebPage","@id":"https:\/\/thalassaluxuryvilla.com\/fr\/disponibilite-et-demande-de-reservation\/","url":"https:\/\/thalassaluxuryvilla.com\/fr\/disponibilite-et-demande-de-reservation\/","name":"R\u00e9servation - Thalassa Luxury Villa","isPartOf":{"@id":"https:\/\/thalassaluxuryvilla.com\/#website"},"datePublished":"2017-01-27T15:19:45+00:00","dateModified":"2022-10-03T09:32:40+00:00","breadcrumb":{"@id":"https:\/\/thalassaluxuryvilla.com\/fr\/disponibilite-et-demande-de-reservation\/#breadcrumb"},"inLanguage":"fr-FR","potentialAction":[{"@type":"ReadAction","target":["https:\/\/thalassaluxuryvilla.com\/fr\/disponibilite-et-demande-de-reservation\/"]}]},{"@type":"BreadcrumbList","@id":"https:\/\/thalassaluxuryvilla.com\/fr\/disponibilite-et-demande-de-reservation\/#breadcrumb","itemListElement":[{"@type":"ListItem","position":1,"name":"Home","item":"https:\/\/thalassaluxuryvilla.com\/fr\/homepage\/"},{"@type":"ListItem","position":2,"name":"R\u00e9servation"}]},{"@type":"WebSite","@id":"https:\/\/thalassaluxuryvilla.com\/#website","url":"https:\/\/thalassaluxuryvilla.com\/","name":"Thalassa Luxury Villa","description":"Ialysos, Rhodes","publisher":{"@id":"https:\/\/thalassaluxuryvilla.com\/#organization"},"potentialAction":[{"@type":"SearchAction","target":{"@type":"EntryPoint","urlTemplate":"https:\/\/thalassaluxuryvilla.com\/?s={search_term_string}"},"query-input":{"@type":"PropertyValueSpecification","valueRequired":true,"valueName":"search_term_string"}}],"inLanguage":"fr-FR"},{"@type":"Organization","@id":"https:\/\/thalassaluxuryvilla.com\/#organization","name":"Thalassa Luxury Villa","url":"https:\/\/thalassaluxuryvilla.com\/","logo":{"@type":"ImageObject","inLanguage":"fr-FR","@id":"https:\/\/thalassaluxuryvilla.com\/#\/schema\/logo\/image\/","url":"https:\/\/thalassaluxuryvilla.com\/wp-content\/uploads\/2017\/01\/logo.png","contentUrl":"https:\/\/thalassaluxuryvilla.com\/wp-content\/uploads\/2017\/01\/logo.png","width":467,"height":150,"caption":"Thalassa Luxury Villa"},"image":{"@id":"https:\/\/thalassaluxuryvilla.com\/#\/schema\/logo\/image\/"},"sameAs":["https:\/\/www.facebook.com\/thalassaluxutyvilla\/"]}]}},"_links":{"self":[{"href":"https:\/\/thalassaluxuryvilla.com\/fr\/wp-json\/wp\/v2\/pages\/379","targetHints":{"allow":["GET"]}}],"collection":[{"href":"https:\/\/thalassaluxuryvilla.com\/fr\/wp-json\/wp\/v2\/pages"}],"about":[{"href":"https:\/\/thalassaluxuryvilla.com\/fr\/wp-json\/wp\/v2\/types\/page"}],"author":[{"embeddable":true,"href":"https:\/\/thalassaluxuryvilla.com\/fr\/wp-json\/wp\/v2\/users\/1"}],"replies":[{"embeddable":true,"href":"https:\/\/thalassaluxuryvilla.com\/fr\/wp-json\/wp\/v2\/comments?post=379"}],"version-history":[{"count":7,"href":"https:\/\/thalassaluxuryvilla.com\/fr\/wp-json\/wp\/v2\/pages\/379\/revisions"}],"predecessor-version":[{"id":674,"href":"https:\/\/thalassaluxuryvilla.com\/fr\/wp-json\/wp\/v2\/pages\/379\/revisions\/674"}],"wp:attachment":[{"href":"https:\/\/thalassaluxuryvilla.com\/fr\/wp-json\/wp\/v2\/media?parent=379"}],"curies":[{"name":"wp","href":"https:\/\/api.w.org\/{rel}","templated":true}]}}