{"id":368,"date":"2017-01-27T14:51:50","date_gmt":"2017-01-27T12:51:50","guid":{"rendered":"https:\/\/thalassaluxuryvilla.com\/homepage\/"},"modified":"2022-10-03T12:46:13","modified_gmt":"2022-10-03T09:46:13","slug":"la-villa","status":"publish","type":"page","link":"https:\/\/thalassaluxuryvilla.com\/it\/","title":{"rendered":"La Villa"},"content":{"rendered":"<div class=\"wpb-content-wrapper\">[vc_row fullwidth=&#8221;true&#8221; css=&#8221;.vc_custom_1485532497027{margin-top: -130px !important;}&#8221;][vc_column][mk_revslider id=&#8221;intro&#8221;][\/vc_column][\/vc_row][vc_row][vc_column][vc_empty_space height=&#8221;50&#8243;][vc_column_text]\n<h2 style=\"text-align: justify;\">La\u00a0Villa<\/h2>\n<p style=\"text-align: justify;\"><strong>Thalassa\u00a0Luxury Villa<\/strong> si trova a Ialysos sulla bellissima isola di Rodi, in Grecia. Si tratta di una casa di lusso di 200 mq con 4 camere da letto, soggiorno, cucina e un bel giardino con barbecue e pu\u00f2 ospitare fino a 8 persone, offrendo il meglio per le vostre vacanze in Grecia.<\/p>\n<p>Qui c&#8217;\u00e8 una sola regola: godetevi il vostro soggiorno!<\/p>\n<p style=\"text-align: justify;\">Inizialmente questa villa \u00e8 stata costruita per uso personale, e di conseguenza i materiali utilizzati sono di ottima qualit\u00e0: piastrelle, arredo bagno, rubinetteria, mobili da cucina e armadi camera da letto sono tutti progettati e fabbricati in Italia. Gli oggetti che ornano la casa sono cimeli di famiglia, tappeti, oggetti d&#8217;antiquariato e opere d&#8217;arte locali che si fondono armoniosamente con lo stile moderno della casa creando uno spazio vacanza interessante e allo stesso tempo confortevole.<\/p>\n<p style=\"text-align: justify;\">La villa \u00e8 dotata di aria condizionata (fredda o calda) e dispone di connessione internet wi-fi in tutte le stanze.<\/p>\n<p style=\"text-align: justify;\">Un riscaldatore di acqua solare fornisce acqua calda tutto il giorno.<\/p>\n[\/vc_column_text][\/vc_column][\/vc_row][vc_row][vc_column][mk_gallery images=&#8221;33,30,13,34,12&#8243; style=&#8221;style3&#8243; orderby=&#8221;post__in&#8221;][\/vc_column][\/vc_row][vc_row][vc_column][vc_column_text]\n<h2>Piano terra<\/h2>\n<p style=\"text-align: justify;\">Al piano terra si trova la cucina, la sala da pranzo, uno dei quattro bagni e un ampio salone.<\/p>\n<p style=\"text-align: justify;\">La cucina \u00e8 completamente attrezzata con frigorifero con congelatore, piano cottura elettrico in vetroceramica, forno, microonde, lavastoviglie, macchina per il caff\u00e8, tostapane e un set completo di bicchieri, stoviglie e utensili da cucina, cos\u00ec come piatti e posate speciali per i bambini.<\/p>\n<p style=\"text-align: justify;\">Il tavolo da pranzo in legno \u00e8 stato progettato per 10 persone.<\/p>\n<p style=\"text-align: justify;\">Nel salotto c&#8217;\u00e8 un divano, poltrone, sgabelli e sedie in legno tradizionali. C\u2019\u00e8 inoltre un camino, che in combinazione con la parete retroilluminata ed i vari oggetti e tappeti tradizionali decorano il posto meravigliosamente . C\u2019 \u00e8 anche una TV a schermo piatto 43 pollici con canali via satellite.<\/p>\n[\/vc_column_text][mk_gallery images=&#8221;45,46,44,47,24&#8243; style=&#8221;style3&#8243; orderby=&#8221;post__in&#8221;][\/vc_column][\/vc_row][vc_row][vc_column][vc_column_text]\n<h2>\u00a0Giardino<\/h2>\n<p style=\"text-align: justify;\">Nel giardino c&#8217;\u00e8 prato, buganvillee, gelsomini e altre piante locali. C\u2019 \u00e8 anche una zona pranzo e una zona barbecue ombreggiata. L&#8217;intera propriet\u00e0 \u00e8 recintata con un alto muro decorativo fornendo privacy assoluta.<\/p>\n[\/vc_column_text][mk_gallery images=&#8221;643,628,633,618,613,648,653,658,608&#8243; height=&#8221;300&#8243; orderby=&#8221;post__in&#8221;][\/vc_column][\/vc_row][vc_row][vc_column][vc_column_text]\n<h2>Primo piano<\/h2>\n<p style=\"text-align: justify;\">Al primo piano troverete tre camere da letto e due bagni : La camera da letto matrimoniale con un letto matrimoniale queen size dotato di un grande armadio e bagno con doccia. Le altre due camere sono dotate di letti singoli che possono, su richiesta, essere uniti facilmente formando dei doppi letti king size. Entrambe le camere hanno grandi armadi e condividono il bagno principale con vasca e due lavandini.<\/p>\n<p style=\"text-align: justify;\">La lavatrice e ripostiglio per la biancheria sporca si trovano pure nel bagno principale.<\/p>\n<p style=\"text-align: justify;\">Tutte le camere sono dotate di un balcone spazioso.<\/p>\n[\/vc_column_text][mk_gallery images=&#8221;50,35,48,49,51,53,36,55,18,20,19,17&#8243; column=&#8221;4&#8243; height=&#8221;250&#8243; orderby=&#8221;post__in&#8221;][\/vc_column][\/vc_row][vc_row][vc_column][vc_column_text]\n<h2>Ultimo piano<\/h2>\n<p style=\"text-align: justify;\">Infine, al piano superiore si trova la quarta camera da letto con un divano letto matrimoniale. C&#8217;\u00e8 anche un bagno con doccia.<\/p>\n<p style=\"text-align: justify;\">La casa \u00e8 moderna, ma abbiamo anche utilizzato tecniche costruttive tradizionali delle isole dell&#8217;Egeo. Al piano superiore c\u2019 \u00e8 una grande terrazza con splendida vista sul Monte Filerimos, sede di un famoso monastero costruito dal Sovrano Ordine dei Cavalieri di Rodi durante la loro occupazione dell&#8217;isola di Rodi.<\/p>\n[\/vc_column_text][mk_gallery images=&#8221;54,38,37,22,21&#8243; style=&#8221;style3&#8243; orderby=&#8221;post__in&#8221;][\/vc_column][\/vc_row][vc_row][vc_column][vc_column_text]\n<h2>informazioni generali<\/h2>\n<p style=\"text-align: justify;\">Tutte le aree della casa sono accessibili.<\/p>\n<p style=\"text-align: justify;\">Siamo disponibili telefonicamente in qualsiasi momento del giorno o della notte per rispondere a tutto il necessario.<\/p>\n<p style=\"text-align: justify;\">La villa \u00e8 dotata di lenzuola ed asciugamani puliti. cambio gratuito di lenzuola e asciugamani ogni 7 giorni, con un servizio di pulizia.<\/p>\n<p style=\"text-align: justify;\">Il giardiniere visita la villa una volta alla settimana.<\/p>\n[\/vc_column_text][\/vc_column][\/vc_row][vc_row][vc_column][vc_empty_space height=&#8221;50&#8243;][\/vc_column][\/vc_row]\n<\/div>","protected":false},"excerpt":{"rendered":"<p>[vc_row fullwidth=&#8221;true&#8221; css=&#8221;.vc_custom_1485532497027{margin-top: -130px !important;}&#8221;][vc_column][mk_revslider id=&#8221;intro&#8221;][\/vc_column][\/vc_row][vc_row][vc_column][vc_empty_space height=&#8221;50&#8243;][vc_column_text] La\u00a0Villa Thalassa\u00a0Luxury Villa si trova a Ialysos sulla bellissima isola di Rodi, in Grecia. Si tratta di una casa di lusso di 200 mq con 4 camere da letto, soggiorno, cucina e un bel giardino con barbecue e pu\u00f2 ospitare fino a 8 persone, offrendo il meglio per [&hellip;]<\/p>\n","protected":false},"author":1,"featured_media":0,"parent":0,"menu_order":0,"comment_status":"closed","ping_status":"closed","template":"","meta":{"footnotes":""},"class_list":["post-368","page","type-page","status-publish","hentry"],"acf":[],"yoast_head":"<!-- This site is optimized with the Yoast SEO plugin v27.2 - https:\/\/yoast.com\/product\/yoast-seo-wordpress\/ -->\n<title>La Villa - Thalassa Luxury Villa<\/title>\n<meta name=\"robots\" content=\"index, follow, max-snippet:-1, max-image-preview:large, max-video-preview:-1\" \/>\n<link rel=\"canonical\" href=\"https:\/\/thalassaluxuryvilla.com\/it\/la-villa\/\" \/>\n<meta property=\"og:locale\" content=\"it_IT\" \/>\n<meta property=\"og:type\" content=\"article\" \/>\n<meta property=\"og:title\" content=\"La Villa - Thalassa Luxury Villa\" \/>\n<meta property=\"og:description\" content=\"[vc_row fullwidth=&#8221;true&#8221; css=&#8221;.vc_custom_1485532497027{margin-top: -130px !important;}&#8221;][vc_column][mk_revslider id=&#8221;intro&#8221;][\/vc_column][\/vc_row][vc_row][vc_column][vc_empty_space height=&#8221;50&#8243;][vc_column_text] La\u00a0Villa Thalassa\u00a0Luxury Villa si trova a Ialysos sulla bellissima isola di Rodi, in Grecia. Si tratta di una casa di lusso di 200 mq con 4 camere da letto, soggiorno, cucina e un bel giardino con barbecue e pu\u00f2 ospitare fino a 8 persone, offrendo il meglio per [&hellip;]\" \/>\n<meta property=\"og:url\" content=\"https:\/\/thalassaluxuryvilla.com\/it\/la-villa\/\" \/>\n<meta property=\"og:site_name\" content=\"Thalassa Luxury Villa\" \/>\n<meta property=\"article:publisher\" content=\"https:\/\/www.facebook.com\/thalassaluxutyvilla\/\" \/>\n<meta property=\"article:modified_time\" content=\"2022-10-03T09:46:13+00:00\" \/>\n<meta name=\"twitter:card\" content=\"summary_large_image\" \/>\n<meta name=\"twitter:label1\" content=\"Tempo di lettura stimato\" \/>\n\t<meta name=\"twitter:data1\" content=\"4 minuti\" \/>\n<script type=\"application\/ld+json\" class=\"yoast-schema-graph\">{\"@context\":\"https:\/\/schema.org\",\"@graph\":[{\"@type\":\"WebPage\",\"@id\":\"https:\/\/thalassaluxuryvilla.com\/it\/la-villa\/\",\"url\":\"https:\/\/thalassaluxuryvilla.com\/it\/la-villa\/\",\"name\":\"La Villa - Thalassa Luxury Villa\",\"isPartOf\":{\"@id\":\"https:\/\/thalassaluxuryvilla.com\/#website\"},\"datePublished\":\"2017-01-27T12:51:50+00:00\",\"dateModified\":\"2022-10-03T09:46:13+00:00\",\"breadcrumb\":{\"@id\":\"https:\/\/thalassaluxuryvilla.com\/it\/la-villa\/#breadcrumb\"},\"inLanguage\":\"it-IT\",\"potentialAction\":[{\"@type\":\"ReadAction\",\"target\":[\"https:\/\/thalassaluxuryvilla.com\/it\/la-villa\/\"]}]},{\"@type\":\"BreadcrumbList\",\"@id\":\"https:\/\/thalassaluxuryvilla.com\/it\/la-villa\/#breadcrumb\",\"itemListElement\":[{\"@type\":\"ListItem\",\"position\":1,\"name\":\"Home\",\"item\":\"https:\/\/thalassaluxuryvilla.com\/it\/la-villa\/\"},{\"@type\":\"ListItem\",\"position\":2,\"name\":\"La Villa\"}]},{\"@type\":\"WebSite\",\"@id\":\"https:\/\/thalassaluxuryvilla.com\/#website\",\"url\":\"https:\/\/thalassaluxuryvilla.com\/\",\"name\":\"Thalassa Luxury Villa\",\"description\":\"Ialysos, Rhodes\",\"publisher\":{\"@id\":\"https:\/\/thalassaluxuryvilla.com\/#organization\"},\"potentialAction\":[{\"@type\":\"SearchAction\",\"target\":{\"@type\":\"EntryPoint\",\"urlTemplate\":\"https:\/\/thalassaluxuryvilla.com\/?s={search_term_string}\"},\"query-input\":{\"@type\":\"PropertyValueSpecification\",\"valueRequired\":true,\"valueName\":\"search_term_string\"}}],\"inLanguage\":\"it-IT\"},{\"@type\":\"Organization\",\"@id\":\"https:\/\/thalassaluxuryvilla.com\/#organization\",\"name\":\"Thalassa Luxury Villa\",\"url\":\"https:\/\/thalassaluxuryvilla.com\/\",\"logo\":{\"@type\":\"ImageObject\",\"inLanguage\":\"it-IT\",\"@id\":\"https:\/\/thalassaluxuryvilla.com\/#\/schema\/logo\/image\/\",\"url\":\"https:\/\/thalassaluxuryvilla.com\/wp-content\/uploads\/2017\/01\/logo.png\",\"contentUrl\":\"https:\/\/thalassaluxuryvilla.com\/wp-content\/uploads\/2017\/01\/logo.png\",\"width\":467,\"height\":150,\"caption\":\"Thalassa Luxury Villa\"},\"image\":{\"@id\":\"https:\/\/thalassaluxuryvilla.com\/#\/schema\/logo\/image\/\"},\"sameAs\":[\"https:\/\/www.facebook.com\/thalassaluxutyvilla\/\"]}]}<\/script>\n<!-- \/ Yoast SEO plugin. -->","yoast_head_json":{"title":"La Villa - Thalassa Luxury Villa","robots":{"index":"index","follow":"follow","max-snippet":"max-snippet:-1","max-image-preview":"max-image-preview:large","max-video-preview":"max-video-preview:-1"},"canonical":"https:\/\/thalassaluxuryvilla.com\/it\/la-villa\/","og_locale":"it_IT","og_type":"article","og_title":"La Villa - Thalassa Luxury Villa","og_description":"[vc_row fullwidth=&#8221;true&#8221; css=&#8221;.vc_custom_1485532497027{margin-top: -130px !important;}&#8221;][vc_column][mk_revslider id=&#8221;intro&#8221;][\/vc_column][\/vc_row][vc_row][vc_column][vc_empty_space height=&#8221;50&#8243;][vc_column_text] La\u00a0Villa Thalassa\u00a0Luxury Villa si trova a Ialysos sulla bellissima isola di Rodi, in Grecia. Si tratta di una casa di lusso di 200 mq con 4 camere da letto, soggiorno, cucina e un bel giardino con barbecue e pu\u00f2 ospitare fino a 8 persone, offrendo il meglio per [&hellip;]","og_url":"https:\/\/thalassaluxuryvilla.com\/it\/la-villa\/","og_site_name":"Thalassa Luxury Villa","article_publisher":"https:\/\/www.facebook.com\/thalassaluxutyvilla\/","article_modified_time":"2022-10-03T09:46:13+00:00","twitter_card":"summary_large_image","twitter_misc":{"Tempo di lettura stimato":"4 minuti"},"schema":{"@context":"https:\/\/schema.org","@graph":[{"@type":"WebPage","@id":"https:\/\/thalassaluxuryvilla.com\/it\/la-villa\/","url":"https:\/\/thalassaluxuryvilla.com\/it\/la-villa\/","name":"La Villa - Thalassa Luxury Villa","isPartOf":{"@id":"https:\/\/thalassaluxuryvilla.com\/#website"},"datePublished":"2017-01-27T12:51:50+00:00","dateModified":"2022-10-03T09:46:13+00:00","breadcrumb":{"@id":"https:\/\/thalassaluxuryvilla.com\/it\/la-villa\/#breadcrumb"},"inLanguage":"it-IT","potentialAction":[{"@type":"ReadAction","target":["https:\/\/thalassaluxuryvilla.com\/it\/la-villa\/"]}]},{"@type":"BreadcrumbList","@id":"https:\/\/thalassaluxuryvilla.com\/it\/la-villa\/#breadcrumb","itemListElement":[{"@type":"ListItem","position":1,"name":"Home","item":"https:\/\/thalassaluxuryvilla.com\/it\/la-villa\/"},{"@type":"ListItem","position":2,"name":"La Villa"}]},{"@type":"WebSite","@id":"https:\/\/thalassaluxuryvilla.com\/#website","url":"https:\/\/thalassaluxuryvilla.com\/","name":"Thalassa Luxury Villa","description":"Ialysos, Rhodes","publisher":{"@id":"https:\/\/thalassaluxuryvilla.com\/#organization"},"potentialAction":[{"@type":"SearchAction","target":{"@type":"EntryPoint","urlTemplate":"https:\/\/thalassaluxuryvilla.com\/?s={search_term_string}"},"query-input":{"@type":"PropertyValueSpecification","valueRequired":true,"valueName":"search_term_string"}}],"inLanguage":"it-IT"},{"@type":"Organization","@id":"https:\/\/thalassaluxuryvilla.com\/#organization","name":"Thalassa Luxury Villa","url":"https:\/\/thalassaluxuryvilla.com\/","logo":{"@type":"ImageObject","inLanguage":"it-IT","@id":"https:\/\/thalassaluxuryvilla.com\/#\/schema\/logo\/image\/","url":"https:\/\/thalassaluxuryvilla.com\/wp-content\/uploads\/2017\/01\/logo.png","contentUrl":"https:\/\/thalassaluxuryvilla.com\/wp-content\/uploads\/2017\/01\/logo.png","width":467,"height":150,"caption":"Thalassa Luxury Villa"},"image":{"@id":"https:\/\/thalassaluxuryvilla.com\/#\/schema\/logo\/image\/"},"sameAs":["https:\/\/www.facebook.com\/thalassaluxutyvilla\/"]}]}},"_links":{"self":[{"href":"https:\/\/thalassaluxuryvilla.com\/it\/wp-json\/wp\/v2\/pages\/368","targetHints":{"allow":["GET"]}}],"collection":[{"href":"https:\/\/thalassaluxuryvilla.com\/it\/wp-json\/wp\/v2\/pages"}],"about":[{"href":"https:\/\/thalassaluxuryvilla.com\/it\/wp-json\/wp\/v2\/types\/page"}],"author":[{"embeddable":true,"href":"https:\/\/thalassaluxuryvilla.com\/it\/wp-json\/wp\/v2\/users\/1"}],"replies":[{"embeddable":true,"href":"https:\/\/thalassaluxuryvilla.com\/it\/wp-json\/wp\/v2\/comments?post=368"}],"version-history":[{"count":12,"href":"https:\/\/thalassaluxuryvilla.com\/it\/wp-json\/wp\/v2\/pages\/368\/revisions"}],"predecessor-version":[{"id":685,"href":"https:\/\/thalassaluxuryvilla.com\/it\/wp-json\/wp\/v2\/pages\/368\/revisions\/685"}],"wp:attachment":[{"href":"https:\/\/thalassaluxuryvilla.com\/it\/wp-json\/wp\/v2\/media?parent=368"}],"curies":[{"name":"wp","href":"https:\/\/api.w.org\/{rel}","templated":true}]}}